{"id":98776,"date":"2020-03-28T18:06:52","date_gmt":"2020-03-28T17:06:52","guid":{"rendered":"https:\/\/www.sport4club.be\/?post_type=product&#038;p=98776"},"modified":"2020-11-27T09:09:31","modified_gmt":"2020-11-27T08:09:31","slug":"tecnifibre-bullit-17-rs-162gr","status":"publish","type":"product","link":"https:\/\/www.sport4club.be\/index.php\/product\/tecnifibre-bullit-17-rs-162gr\/","title":{"rendered":"Tecnifibre Bullit 17 RS NEW (162gr)"},"content":{"rendered":"<p>La raquette Tecnifibre Junior Bullit 17 noir, orange et jaune est id\u00e9ale pour les plus jeunes enfants et les futurs champions de demain afin de prendre en main leur premi\u00e8re raquette de tennis.<\/p>\n<p>Ce mod\u00e8le est adapt\u00e9 aux juniors pratiquant le tennis en loisir mesurant entre 80cm et 90cm (3-4 ans). Compos\u00e9 en aluminium, elle ofrira l\u00e9g\u00e8ret\u00e9 et durabilit\u00e9 afin de commencer la pratique dans de bonnes conditions.<br \/>\nCette raquette dispose d&#8217;un poids de 162g et fait 43cm de long afin d&#8217;\u00eatre la plus manibale possible. De plus, cette raquette b\u00e9n\u00e9ficie de la technologie Reinforced Structure, qui permet d&#8217;avoir un cadre 20% plus r\u00e9sistant par rapport \u00e0 une section traditionnelle.<code><\/p>\n","protected":false},"excerpt":{"rendered":"<p>La raquette Tecnifibre Junior Bullit 17 noir, orange et jaune est id\u00e9ale pour les plus jeunes enfants et les futurs champions de demain afin de prendre en main leur premi\u00e8re raquette de tennis. Ce mod\u00e8le est adapt\u00e9 aux juniors pratiquant le tennis en loisir mesurant entre 80cm et 90cm (3-4 ans). Compos\u00e9 en aluminium, elle [&hellip;]<\/p>\n","protected":false},"featured_media":98777,"comment_status":"open","ping_status":"closed","template":"","meta":[],"product_cat":[146,786],"product_tag":[],"_links":{"self":[{"href":"https:\/\/www.sport4club.be\/index.php\/wp-json\/wp\/v2\/product\/98776"}],"collection":[{"href":"https:\/\/www.sport4club.be\/index.php\/wp-json\/wp\/v2\/product"}],"about":[{"href":"https:\/\/www.sport4club.be\/index.php\/wp-json\/wp\/v2\/types\/product"}],"replies":[{"embeddable":true,"href":"https:\/\/www.sport4club.be\/index.php\/wp-json\/wp\/v2\/comments?post=98776"}],"wp:featuredmedia":[{"embeddable":true,"href":"https:\/\/www.sport4club.be\/index.php\/wp-json\/wp\/v2\/media\/98777"}],"wp:attachment":[{"href":"https:\/\/www.sport4club.be\/index.php\/wp-json\/wp\/v2\/media?parent=98776"}],"wp:term":[{"taxonomy":"product_cat","embeddable":true,"href":"https:\/\/www.sport4club.be\/index.php\/wp-json\/wp\/v2\/product_cat?post=98776"},{"taxonomy":"product_tag","embeddable":true,"href":"https:\/\/www.sport4club.be\/index.php\/wp-json\/wp\/v2\/product_tag?post=98776"}],"curies":[{"name":"wp","href":"https:\/\/api.w.org\/{rel}","templated":true}]}}