{"id":98763,"date":"2020-03-28T17:44:50","date_gmt":"2020-03-28T16:44:50","guid":{"rendered":"https:\/\/www.sport4club.be\/?post_type=product&#038;p=98763"},"modified":"2021-11-02T14:35:25","modified_gmt":"2021-11-02T13:35:25","slug":"tecnifibre-bullit-25-rs-235gr","status":"publish","type":"product","link":"https:\/\/www.sport4club.be\/index.php\/product\/tecnifibre-bullit-25-rs-235gr\/","title":{"rendered":"Tecnifibre Bullit 25 RS (235gr)"},"content":{"rendered":"<p><em>La raquette Tecnifibre Junior Bullit 25 noir, rouge et bleu est id\u00e9ale pour les plus jeunes enfants et les futurs champions de demain afin de prendre en main leur premi\u00e8re raquette de tennis.<\/p>\n<p>Ce mod\u00e8le est adapt\u00e9 aux juniors pratiquant le tennis en loisir mesurant entre 125cm et 140cm (8-10 ans). Compos\u00e9 en aluminium, elle ofrira l\u00e9g\u00e8ret\u00e9 et durabilit\u00e9 afin de commencer la pratique dans de bonnes conditions.<br \/>\nCette raquette dispose d&#8217;un poids de 235g et fait 63.7cm de long afin d&#8217;\u00eatre la plus manibale possible. De plus, cette raquette b\u00e9n\u00e9ficie de la technologie Reinforced Structure, qui permet d&#8217;avoir un cadre 20% plus r\u00e9sistant par rapport \u00e0 une section traditionnelle.<\/em><\/p>\n","protected":false},"excerpt":{"rendered":"<p>La raquette Tecnifibre Junior Bullit 25 noir, rouge et bleu est id\u00e9ale pour les plus jeunes enfants et les futurs champions de demain afin de prendre en main leur premi\u00e8re raquette de tennis. Ce mod\u00e8le est adapt\u00e9 aux juniors pratiquant le tennis en loisir mesurant entre 125cm et 140cm (8-10 ans). Compos\u00e9 en aluminium, elle [&hellip;]<\/p>\n","protected":false},"featured_media":98764,"comment_status":"open","ping_status":"closed","template":"","meta":[],"product_cat":[146,786],"product_tag":[],"_links":{"self":[{"href":"https:\/\/www.sport4club.be\/index.php\/wp-json\/wp\/v2\/product\/98763"}],"collection":[{"href":"https:\/\/www.sport4club.be\/index.php\/wp-json\/wp\/v2\/product"}],"about":[{"href":"https:\/\/www.sport4club.be\/index.php\/wp-json\/wp\/v2\/types\/product"}],"replies":[{"embeddable":true,"href":"https:\/\/www.sport4club.be\/index.php\/wp-json\/wp\/v2\/comments?post=98763"}],"wp:featuredmedia":[{"embeddable":true,"href":"https:\/\/www.sport4club.be\/index.php\/wp-json\/wp\/v2\/media\/98764"}],"wp:attachment":[{"href":"https:\/\/www.sport4club.be\/index.php\/wp-json\/wp\/v2\/media?parent=98763"}],"wp:term":[{"taxonomy":"product_cat","embeddable":true,"href":"https:\/\/www.sport4club.be\/index.php\/wp-json\/wp\/v2\/product_cat?post=98763"},{"taxonomy":"product_tag","embeddable":true,"href":"https:\/\/www.sport4club.be\/index.php\/wp-json\/wp\/v2\/product_tag?post=98763"}],"curies":[{"name":"wp","href":"https:\/\/api.w.org\/{rel}","templated":true}]}}