{"id":98755,"date":"2020-03-28T17:31:32","date_gmt":"2020-03-28T16:31:32","guid":{"rendered":"https:\/\/www.sport4club.be\/?post_type=product&#038;p=98755"},"modified":"2020-11-26T12:21:24","modified_gmt":"2020-11-26T11:21:24","slug":"tecnifibre-tfit-25-250gr","status":"publish","type":"product","link":"https:\/\/www.sport4club.be\/index.php\/product\/tecnifibre-tfit-25-250gr\/","title":{"rendered":"Tecnifibre TFit 25 (250gr)"},"content":{"rendered":"<p><em>La raquette Tecnifibre TFit Junior 25 est un mod\u00e8le parfait pour aider les enfants \u00e0 progresser dans leur sport favori gr\u00e2ce \u00e0 sa composition en graphite composite et ses caract\u00e9ristiques adapt\u00e9es \u00e0 un enfant entre 8 et 10 ans.<\/p>\n<p>Cette raquette Tecnifibre TFit Junior 25 sera parfaite pour accompagner les jeunes joueurs et joueuses de tennis dans leur progression. Elle est tr\u00e8s l\u00e9g\u00e8re avec ses 250g, et donc facilement maniable. Son tamis de 660cm\u00b2 sera tr\u00e8s puissant et offrira une belle tol\u00e9rance lors des d\u00e9centrages pour progresser efficacement !<br \/>\nSon \u00e9quilibre et son plan de cordage 16&#215;19 relativement ouvert permettront d&#8217;acc\u00e9der facilement \u00e0 laprise d&#8217;effet et de donner beaucoup de vitesse \u00e0 la balle, gr\u00e2ce \u00e0 un bon passage de la t\u00eate de raquette lors de la frappe.<\/p>\n<p>Cette raquette correspondra \u00e0 tous les jeunes champions mesurant entre 1m25 et 1m40 et leur permettra de faire leurs premiers pas vers la comp\u00e9tition.<\/em><\/p>\n","protected":false},"excerpt":{"rendered":"<p>La raquette Tecnifibre TFit Junior 25 est un mod\u00e8le parfait pour aider les enfants \u00e0 progresser dans leur sport favori gr\u00e2ce \u00e0 sa composition en graphite composite et ses caract\u00e9ristiques adapt\u00e9es \u00e0 un enfant entre 8 et 10 ans. Cette raquette Tecnifibre TFit Junior 25 sera parfaite pour accompagner les jeunes joueurs et joueuses de [&hellip;]<\/p>\n","protected":false},"featured_media":98756,"comment_status":"open","ping_status":"closed","template":"","meta":[],"product_cat":[146],"product_tag":[],"_links":{"self":[{"href":"https:\/\/www.sport4club.be\/index.php\/wp-json\/wp\/v2\/product\/98755"}],"collection":[{"href":"https:\/\/www.sport4club.be\/index.php\/wp-json\/wp\/v2\/product"}],"about":[{"href":"https:\/\/www.sport4club.be\/index.php\/wp-json\/wp\/v2\/types\/product"}],"replies":[{"embeddable":true,"href":"https:\/\/www.sport4club.be\/index.php\/wp-json\/wp\/v2\/comments?post=98755"}],"wp:featuredmedia":[{"embeddable":true,"href":"https:\/\/www.sport4club.be\/index.php\/wp-json\/wp\/v2\/media\/98756"}],"wp:attachment":[{"href":"https:\/\/www.sport4club.be\/index.php\/wp-json\/wp\/v2\/media?parent=98755"}],"wp:term":[{"taxonomy":"product_cat","embeddable":true,"href":"https:\/\/www.sport4club.be\/index.php\/wp-json\/wp\/v2\/product_cat?post=98755"},{"taxonomy":"product_tag","embeddable":true,"href":"https:\/\/www.sport4club.be\/index.php\/wp-json\/wp\/v2\/product_tag?post=98755"}],"curies":[{"name":"wp","href":"https:\/\/api.w.org\/{rel}","templated":true}]}}