{"id":98741,"date":"2020-03-28T17:10:47","date_gmt":"2020-03-28T16:10:47","guid":{"rendered":"https:\/\/www.sport4club.be\/?post_type=product&#038;p=98741"},"modified":"2020-11-26T12:25:23","modified_gmt":"2020-11-26T11:25:23","slug":"tecnifibre-tflash-26-250gr","status":"publish","type":"product","link":"https:\/\/www.sport4club.be\/index.php\/product\/tecnifibre-tflash-26-250gr\/","title":{"rendered":"Tecnifibre TFlash 26 (250gr)"},"content":{"rendered":"<p><em>Cette raquette en graphite au tamis 660 cm\u00b2 sera tol\u00e9rante et parfaitement adapt\u00e9e aux enfants de 10-12 ans mesurant entre 140cm et 155cm.<br \/>\nTr\u00e8s l\u00e9ger (250 g), ce mod\u00e8le sera maniable gr\u00e2ce \u00e0 sa taille adapt\u00e9e (66 cm). Cette raquette permettra aux jeunes champions de progresser et de gagner en puissance gr\u00e2ce \u00e0 un \u00e9quilibre en t\u00eate (29.5 cm) favorisant le passage de la t\u00eate de raquette dans l&#8217;air. Le plan de cordage 16&#215;19 permettra aux enfants d&#8217;acc\u00e9der \u00e0 la prise d&#8217;effets.<\/p>\n<p>Une raquette parfaite pour progresser dans les meilleures conditions !<\/em><\/p>\n","protected":false},"excerpt":{"rendered":"<p>Cette raquette en graphite au tamis 660 cm\u00b2 sera tol\u00e9rante et parfaitement adapt\u00e9e aux enfants de 10-12 ans mesurant entre 140cm et 155cm. Tr\u00e8s l\u00e9ger (250 g), ce mod\u00e8le sera maniable gr\u00e2ce \u00e0 sa taille adapt\u00e9e (66 cm). Cette raquette permettra aux jeunes champions de progresser et de gagner en puissance gr\u00e2ce \u00e0 un \u00e9quilibre [&hellip;]<\/p>\n","protected":false},"featured_media":98742,"comment_status":"open","ping_status":"closed","template":"","meta":[],"product_cat":[146],"product_tag":[],"_links":{"self":[{"href":"https:\/\/www.sport4club.be\/index.php\/wp-json\/wp\/v2\/product\/98741"}],"collection":[{"href":"https:\/\/www.sport4club.be\/index.php\/wp-json\/wp\/v2\/product"}],"about":[{"href":"https:\/\/www.sport4club.be\/index.php\/wp-json\/wp\/v2\/types\/product"}],"replies":[{"embeddable":true,"href":"https:\/\/www.sport4club.be\/index.php\/wp-json\/wp\/v2\/comments?post=98741"}],"wp:featuredmedia":[{"embeddable":true,"href":"https:\/\/www.sport4club.be\/index.php\/wp-json\/wp\/v2\/media\/98742"}],"wp:attachment":[{"href":"https:\/\/www.sport4club.be\/index.php\/wp-json\/wp\/v2\/media?parent=98741"}],"wp:term":[{"taxonomy":"product_cat","embeddable":true,"href":"https:\/\/www.sport4club.be\/index.php\/wp-json\/wp\/v2\/product_cat?post=98741"},{"taxonomy":"product_tag","embeddable":true,"href":"https:\/\/www.sport4club.be\/index.php\/wp-json\/wp\/v2\/product_tag?post=98741"}],"curies":[{"name":"wp","href":"https:\/\/api.w.org\/{rel}","templated":true}]}}