{"id":98199,"date":"2020-03-21T10:40:07","date_gmt":"2020-03-21T09:40:07","guid":{"rendered":"https:\/\/www.sport4club.be\/?post_type=product&#038;p=98199"},"modified":"2024-08-21T12:49:19","modified_gmt":"2024-08-21T10:49:19","slug":"dunlop-srixon-sx-300-300gr","status":"publish","type":"product","link":"https:\/\/www.sport4club.be\/index.php\/product\/dunlop-srixon-sx-300-300gr\/","title":{"rendered":"dunlop sx 300 (300gr)"},"content":{"rendered":"<p>La Dunlop SX 300 est une raquette\u00a0<strong>puissante<\/strong>\u00a0orient\u00e9e sur la\u00a0<strong>prise d&#8217;effet<\/strong>. Elle plait par sa capacit\u00e9 \u00e0 g\u00e9n\u00e9rer facilement du lift et d&#8217;imprimer de la lourdeur de balle. Son poids de\u00a0<strong>300 grammes<\/strong>\u00a0coupl\u00e9 \u00e0 un \u00e9quilibre de\u00a0<strong>32 cm<\/strong>\u00a0est assez classique sur le march\u00e9. Elle ne d\u00e9routera pas les joueurs adeptes des raquettes puissantes.<\/p>\n<p>Cette version 2022 a \u00e9t\u00e9 revue sur 3 points :<\/p>\n<ul>\n<li>Ouverture du plan de cordage : plus d&#8217;espace entre les cordes pour plus d&#8217;effets.<\/li>\n<li>Design des oeillets sp\u00e9cifiques \u00e9tendus \u00e0 2 cordes montantes suppl\u00e9mentaires afin d&#8217;offrir une trajectoire plus constante, quel que soit le centrage.<\/li>\n<li>La rigidit\u00e9 passe de 64ra \u00e0 68ra pour plus de puissance.<\/li>\n<\/ul>\n<p>Cette raquette Dunlop se destine \u00e0 des\u00a0<strong>lifteurs de niveau interm\u00e9diaire \u00e0 confirm\u00e9<\/strong>, qui veulent une\u00a0<strong>raquette puissante<\/strong>\u00a0avec laquelle ils pourront imprimer de la\u00a0<strong>lourdeur de balle<\/strong>\u00a0ainsi qu&#8217;une grosse cadence en fond de court.<\/p>\n<p>&nbsp;<\/p>\n","protected":false},"excerpt":{"rendered":"<p>La Dunlop SX 300 est une raquette\u00a0puissante\u00a0orient\u00e9e sur la\u00a0prise d&#8217;effet. Elle plait par sa capacit\u00e9 \u00e0 g\u00e9n\u00e9rer facilement du lift et d&#8217;imprimer de la lourdeur de balle. Son poids de\u00a0300 grammes\u00a0coupl\u00e9 \u00e0 un \u00e9quilibre de\u00a032 cm\u00a0est assez classique sur le march\u00e9. Elle ne d\u00e9routera pas les joueurs adeptes des raquettes puissantes. Cette version 2022 a [&hellip;]<\/p>\n","protected":false},"featured_media":113300,"comment_status":"closed","ping_status":"closed","template":"","meta":[],"product_cat":[145],"product_tag":[],"_links":{"self":[{"href":"https:\/\/www.sport4club.be\/index.php\/wp-json\/wp\/v2\/product\/98199"}],"collection":[{"href":"https:\/\/www.sport4club.be\/index.php\/wp-json\/wp\/v2\/product"}],"about":[{"href":"https:\/\/www.sport4club.be\/index.php\/wp-json\/wp\/v2\/types\/product"}],"replies":[{"embeddable":true,"href":"https:\/\/www.sport4club.be\/index.php\/wp-json\/wp\/v2\/comments?post=98199"}],"wp:featuredmedia":[{"embeddable":true,"href":"https:\/\/www.sport4club.be\/index.php\/wp-json\/wp\/v2\/media\/113300"}],"wp:attachment":[{"href":"https:\/\/www.sport4club.be\/index.php\/wp-json\/wp\/v2\/media?parent=98199"}],"wp:term":[{"taxonomy":"product_cat","embeddable":true,"href":"https:\/\/www.sport4club.be\/index.php\/wp-json\/wp\/v2\/product_cat?post=98199"},{"taxonomy":"product_tag","embeddable":true,"href":"https:\/\/www.sport4club.be\/index.php\/wp-json\/wp\/v2\/product_tag?post=98199"}],"curies":[{"name":"wp","href":"https:\/\/api.w.org\/{rel}","templated":true}]}}