{"id":97953,"date":"2020-03-17T09:40:19","date_gmt":"2020-03-17T08:40:19","guid":{"rendered":"https:\/\/www.sport4club.be\/?post_type=product&#038;p=97953"},"modified":"2021-03-02T09:45:03","modified_gmt":"2021-03-02T08:45:03","slug":"babolat-exercise-jogger-pant-2","status":"publish","type":"product","link":"https:\/\/www.sport4club.be\/index.php\/product\/babolat-exercise-jogger-pant-2\/","title":{"rendered":"Babolat Exercise Jogger Pant Women"},"content":{"rendered":"<p>Ce pantalon Babolat est id\u00e9al \u00e0 porter lors de vos activit\u00e9s sportives.<br \/>\nIl vous gardera au chaud avant et apr\u00e8s votre performance tout en assurant un confort total gr\u00e2ce \u00e0 son tissu en coton doux.<br \/>\nIl est dot\u00e9 de deux poches lat\u00e9rales pour que vous puissiez y glisser vos balles de tennis ou autres objets personnels.<\/p>\n","protected":false},"excerpt":{"rendered":"<p>Ce pantalon Babolat est id\u00e9al \u00e0 porter lors de vos activit\u00e9s sportives. Il vous gardera au chaud avant et apr\u00e8s votre performance tout en assurant un confort total gr\u00e2ce \u00e0 son tissu en coton doux. Il est dot\u00e9 de deux poches lat\u00e9rales pour que vous puissiez y glisser vos balles de tennis ou autres objets [&hellip;]<\/p>\n","protected":false},"featured_media":97954,"comment_status":"open","ping_status":"closed","template":"","meta":[],"product_cat":[482],"product_tag":[],"_links":{"self":[{"href":"https:\/\/www.sport4club.be\/index.php\/wp-json\/wp\/v2\/product\/97953"}],"collection":[{"href":"https:\/\/www.sport4club.be\/index.php\/wp-json\/wp\/v2\/product"}],"about":[{"href":"https:\/\/www.sport4club.be\/index.php\/wp-json\/wp\/v2\/types\/product"}],"replies":[{"embeddable":true,"href":"https:\/\/www.sport4club.be\/index.php\/wp-json\/wp\/v2\/comments?post=97953"}],"wp:featuredmedia":[{"embeddable":true,"href":"https:\/\/www.sport4club.be\/index.php\/wp-json\/wp\/v2\/media\/97954"}],"wp:attachment":[{"href":"https:\/\/www.sport4club.be\/index.php\/wp-json\/wp\/v2\/media?parent=97953"}],"wp:term":[{"taxonomy":"product_cat","embeddable":true,"href":"https:\/\/www.sport4club.be\/index.php\/wp-json\/wp\/v2\/product_cat?post=97953"},{"taxonomy":"product_tag","embeddable":true,"href":"https:\/\/www.sport4club.be\/index.php\/wp-json\/wp\/v2\/product_tag?post=97953"}],"curies":[{"name":"wp","href":"https:\/\/api.w.org\/{rel}","templated":true}]}}