{"id":97849,"date":"2020-03-16T17:14:52","date_gmt":"2020-03-16T16:14:52","guid":{"rendered":"https:\/\/www.sport4club.be\/?post_type=product&#038;p=97849"},"modified":"2020-03-16T17:14:52","modified_gmt":"2020-03-16T16:14:52","slug":"babolat-play-pant-junior-unisexe","status":"publish","type":"product","link":"https:\/\/www.sport4club.be\/index.php\/product\/babolat-play-pant-junior-unisexe\/","title":{"rendered":"Babolat Play Pant Junior Unisexe"},"content":{"rendered":"<p>Ce pantalon Babolat Junior accompagnera votre enfant lors de ses \u00e9chauffements d&#8217;avant matchs.<br \/>\nIl le gardera au chaud avant et apr\u00e8s sa performance tout en assurant une excellente libert\u00e9 de mouvement gr\u00e2ce \u00e0 la l\u00e9g\u00e8ret\u00e9 de son tissu.<br \/>\nDot\u00e9 de la technologie Fiber Dry, son confort sera que de plus accentu\u00e9 car il le maintiendra au sec et au frais en toutes circonstances.<br \/>\nIl est dot\u00e9 de deux poches lat\u00e9rales pour qu&#8217;il puisse y glisser ses balles de tennis ou autres objets personnels. <\/p>\n","protected":false},"excerpt":{"rendered":"<p>Ce pantalon Babolat Junior accompagnera votre enfant lors de ses \u00e9chauffements d&#8217;avant matchs. Il le gardera au chaud avant et apr\u00e8s sa performance tout en assurant une excellente libert\u00e9 de mouvement gr\u00e2ce \u00e0 la l\u00e9g\u00e8ret\u00e9 de son tissu. Dot\u00e9 de la technologie Fiber Dry, son confort sera que de plus accentu\u00e9 car il le maintiendra [&hellip;]<\/p>\n","protected":false},"featured_media":97850,"comment_status":"open","ping_status":"closed","template":"","meta":[],"product_cat":[483],"product_tag":[],"_links":{"self":[{"href":"https:\/\/www.sport4club.be\/index.php\/wp-json\/wp\/v2\/product\/97849"}],"collection":[{"href":"https:\/\/www.sport4club.be\/index.php\/wp-json\/wp\/v2\/product"}],"about":[{"href":"https:\/\/www.sport4club.be\/index.php\/wp-json\/wp\/v2\/types\/product"}],"replies":[{"embeddable":true,"href":"https:\/\/www.sport4club.be\/index.php\/wp-json\/wp\/v2\/comments?post=97849"}],"wp:featuredmedia":[{"embeddable":true,"href":"https:\/\/www.sport4club.be\/index.php\/wp-json\/wp\/v2\/media\/97850"}],"wp:attachment":[{"href":"https:\/\/www.sport4club.be\/index.php\/wp-json\/wp\/v2\/media?parent=97849"}],"wp:term":[{"taxonomy":"product_cat","embeddable":true,"href":"https:\/\/www.sport4club.be\/index.php\/wp-json\/wp\/v2\/product_cat?post=97849"},{"taxonomy":"product_tag","embeddable":true,"href":"https:\/\/www.sport4club.be\/index.php\/wp-json\/wp\/v2\/product_tag?post=97849"}],"curies":[{"name":"wp","href":"https:\/\/api.w.org\/{rel}","templated":true}]}}