{"id":97832,"date":"2020-03-16T17:08:28","date_gmt":"2020-03-16T16:08:28","guid":{"rendered":"https:\/\/www.sport4club.be\/?post_type=product&#038;p=97832"},"modified":"2020-03-16T17:08:28","modified_gmt":"2020-03-16T16:08:28","slug":"babolat-play-jacket-junior-unisexe","status":"publish","type":"product","link":"https:\/\/www.sport4club.be\/index.php\/product\/babolat-play-jacket-junior-unisexe\/","title":{"rendered":"Babolat Play Jacket Junior Unisexe"},"content":{"rendered":"<p>Cette veste Babolat Junior est un essentiel de la garde robe d&#8217;un jeune tennisman.<br \/>\nId\u00e9ale pour ses matchs de tennis et ses \u00e9chauffements, cette veste sp\u00e9cialement d\u00e9velopp\u00e9e pour les sports de raquettes garantira un confort optimal et une excellente libert\u00e9 de mouvements \u00e0 votre champion.<\/p>\n","protected":false},"excerpt":{"rendered":"<p>Cette veste Babolat Junior est un essentiel de la garde robe d&#8217;un jeune tennisman. Id\u00e9ale pour ses matchs de tennis et ses \u00e9chauffements, cette veste sp\u00e9cialement d\u00e9velopp\u00e9e pour les sports de raquettes garantira un confort optimal et une excellente libert\u00e9 de mouvements \u00e0 votre champion.<\/p>\n","protected":false},"featured_media":97833,"comment_status":"open","ping_status":"closed","template":"","meta":[],"product_cat":[483],"product_tag":[],"_links":{"self":[{"href":"https:\/\/www.sport4club.be\/index.php\/wp-json\/wp\/v2\/product\/97832"}],"collection":[{"href":"https:\/\/www.sport4club.be\/index.php\/wp-json\/wp\/v2\/product"}],"about":[{"href":"https:\/\/www.sport4club.be\/index.php\/wp-json\/wp\/v2\/types\/product"}],"replies":[{"embeddable":true,"href":"https:\/\/www.sport4club.be\/index.php\/wp-json\/wp\/v2\/comments?post=97832"}],"wp:featuredmedia":[{"embeddable":true,"href":"https:\/\/www.sport4club.be\/index.php\/wp-json\/wp\/v2\/media\/97833"}],"wp:attachment":[{"href":"https:\/\/www.sport4club.be\/index.php\/wp-json\/wp\/v2\/media?parent=97832"}],"wp:term":[{"taxonomy":"product_cat","embeddable":true,"href":"https:\/\/www.sport4club.be\/index.php\/wp-json\/wp\/v2\/product_cat?post=97832"},{"taxonomy":"product_tag","embeddable":true,"href":"https:\/\/www.sport4club.be\/index.php\/wp-json\/wp\/v2\/product_tag?post=97832"}],"curies":[{"name":"wp","href":"https:\/\/api.w.org\/{rel}","templated":true}]}}