{"id":97815,"date":"2020-03-16T17:01:19","date_gmt":"2020-03-16T16:01:19","guid":{"rendered":"https:\/\/www.sport4club.be\/?post_type=product&#038;p=97815"},"modified":"2020-03-16T17:01:19","modified_gmt":"2020-03-16T16:01:19","slug":"babolat-play-skirt-filles","status":"publish","type":"product","link":"https:\/\/www.sport4club.be\/index.php\/product\/babolat-play-skirt-filles\/","title":{"rendered":"Babolat Play Skirt Filles"},"content":{"rendered":"<p>Cette jupe de tennis Babolat Junior est parfaite pour disputer un match ou s&#8217;entra\u00eener.<br \/>\nElle permet une grande libert\u00e9 de mouvements et maintien au sec au frais tout au long de la performance gr\u00e2ce \u00e0 sa technologie Fiber Dry.<br \/>\nConfortable, cette jupe est id\u00e9ale pour accompagner votre jeune championne lors de ses longs efforts sur le court.<\/p>\n","protected":false},"excerpt":{"rendered":"<p>Cette jupe de tennis Babolat Junior est parfaite pour disputer un match ou s&#8217;entra\u00eener. Elle permet une grande libert\u00e9 de mouvements et maintien au sec au frais tout au long de la performance gr\u00e2ce \u00e0 sa technologie Fiber Dry. Confortable, cette jupe est id\u00e9ale pour accompagner votre jeune championne lors de ses longs efforts sur [&hellip;]<\/p>\n","protected":false},"featured_media":97816,"comment_status":"open","ping_status":"closed","template":"","meta":[],"product_cat":[483],"product_tag":[],"_links":{"self":[{"href":"https:\/\/www.sport4club.be\/index.php\/wp-json\/wp\/v2\/product\/97815"}],"collection":[{"href":"https:\/\/www.sport4club.be\/index.php\/wp-json\/wp\/v2\/product"}],"about":[{"href":"https:\/\/www.sport4club.be\/index.php\/wp-json\/wp\/v2\/types\/product"}],"replies":[{"embeddable":true,"href":"https:\/\/www.sport4club.be\/index.php\/wp-json\/wp\/v2\/comments?post=97815"}],"wp:featuredmedia":[{"embeddable":true,"href":"https:\/\/www.sport4club.be\/index.php\/wp-json\/wp\/v2\/media\/97816"}],"wp:attachment":[{"href":"https:\/\/www.sport4club.be\/index.php\/wp-json\/wp\/v2\/media?parent=97815"}],"wp:term":[{"taxonomy":"product_cat","embeddable":true,"href":"https:\/\/www.sport4club.be\/index.php\/wp-json\/wp\/v2\/product_cat?post=97815"},{"taxonomy":"product_tag","embeddable":true,"href":"https:\/\/www.sport4club.be\/index.php\/wp-json\/wp\/v2\/product_tag?post=97815"}],"curies":[{"name":"wp","href":"https:\/\/api.w.org\/{rel}","templated":true}]}}