{"id":97795,"date":"2020-03-16T16:51:38","date_gmt":"2020-03-16T15:51:38","guid":{"rendered":"https:\/\/www.sport4club.be\/?post_type=product&#038;p=97795"},"modified":"2020-03-16T16:54:50","modified_gmt":"2020-03-16T15:54:50","slug":"babolat-play-tank-top-filles","status":"publish","type":"product","link":"https:\/\/www.sport4club.be\/index.php\/product\/babolat-play-tank-top-filles\/","title":{"rendered":"Babolat Play Tank Top Filles"},"content":{"rendered":"<p>Ce d\u00e9bardeur Babolat Junior au design simpliste est un incontournable des courts de tennis.<br \/>\nCon\u00e7u pour apporter aux jeunes joueuses un bien-\u00eatre en jeu optimal, il est le v\u00eatement qu&#8217;il vous faut pour performer avec efficacit\u00e9 sur le terrain.<br \/>\nDot\u00e9 de la technologie Fiber Dry, il \u00e9vacue la sueur emmagasin\u00e9e lors de l&#8217;effort pour maintenir votre championne au frais et au sec en toutes circonstances. <\/p>\n","protected":false},"excerpt":{"rendered":"<p>Ce d\u00e9bardeur Babolat Junior au design simpliste est un incontournable des courts de tennis. Con\u00e7u pour apporter aux jeunes joueuses un bien-\u00eatre en jeu optimal, il est le v\u00eatement qu&#8217;il vous faut pour performer avec efficacit\u00e9 sur le terrain. Dot\u00e9 de la technologie Fiber Dry, il \u00e9vacue la sueur emmagasin\u00e9e lors de l&#8217;effort pour maintenir [&hellip;]<\/p>\n","protected":false},"featured_media":97796,"comment_status":"open","ping_status":"closed","template":"","meta":[],"product_cat":[483],"product_tag":[],"_links":{"self":[{"href":"https:\/\/www.sport4club.be\/index.php\/wp-json\/wp\/v2\/product\/97795"}],"collection":[{"href":"https:\/\/www.sport4club.be\/index.php\/wp-json\/wp\/v2\/product"}],"about":[{"href":"https:\/\/www.sport4club.be\/index.php\/wp-json\/wp\/v2\/types\/product"}],"replies":[{"embeddable":true,"href":"https:\/\/www.sport4club.be\/index.php\/wp-json\/wp\/v2\/comments?post=97795"}],"wp:featuredmedia":[{"embeddable":true,"href":"https:\/\/www.sport4club.be\/index.php\/wp-json\/wp\/v2\/media\/97796"}],"wp:attachment":[{"href":"https:\/\/www.sport4club.be\/index.php\/wp-json\/wp\/v2\/media?parent=97795"}],"wp:term":[{"taxonomy":"product_cat","embeddable":true,"href":"https:\/\/www.sport4club.be\/index.php\/wp-json\/wp\/v2\/product_cat?post=97795"},{"taxonomy":"product_tag","embeddable":true,"href":"https:\/\/www.sport4club.be\/index.php\/wp-json\/wp\/v2\/product_tag?post=97795"}],"curies":[{"name":"wp","href":"https:\/\/api.w.org\/{rel}","templated":true}]}}