{"id":97755,"date":"2020-03-16T09:49:50","date_gmt":"2020-03-16T08:49:50","guid":{"rendered":"https:\/\/www.sport4club.be\/?post_type=product&#038;p=97755"},"modified":"2020-03-16T09:52:42","modified_gmt":"2020-03-16T08:52:42","slug":"babolat-play-polo-garcons","status":"publish","type":"product","link":"https:\/\/www.sport4club.be\/index.php\/product\/babolat-play-polo-garcons\/","title":{"rendered":"Babolat Play Polo Gar\u00e7ons"},"content":{"rendered":"<p>Ce polo de tennis Babolat Club Junior a \u00e9t\u00e9 con\u00e7u \u00e0 partir d&#8217;un tissu en polyester l\u00e9ger et performant.<br \/>\nSp\u00e9cialement \u00e9tudi\u00e9 pour offrir \u00e0 votre champion un confort optimal lors de son effort, ce dernier lui garantira une excellente libert\u00e9 de mouvement.<br \/>\nSon design simple et uni se mariera parfaitement \u00e0 l&#8217;ensemble de ses tenues. <\/p>\n","protected":false},"excerpt":{"rendered":"<p>Ce polo de tennis Babolat Club Junior a \u00e9t\u00e9 con\u00e7u \u00e0 partir d&#8217;un tissu en polyester l\u00e9ger et performant. Sp\u00e9cialement \u00e9tudi\u00e9 pour offrir \u00e0 votre champion un confort optimal lors de son effort, ce dernier lui garantira une excellente libert\u00e9 de mouvement. Son design simple et uni se mariera parfaitement \u00e0 l&#8217;ensemble de ses tenues.<\/p>\n","protected":false},"featured_media":97756,"comment_status":"open","ping_status":"closed","template":"","meta":[],"product_cat":[483],"product_tag":[],"_links":{"self":[{"href":"https:\/\/www.sport4club.be\/index.php\/wp-json\/wp\/v2\/product\/97755"}],"collection":[{"href":"https:\/\/www.sport4club.be\/index.php\/wp-json\/wp\/v2\/product"}],"about":[{"href":"https:\/\/www.sport4club.be\/index.php\/wp-json\/wp\/v2\/types\/product"}],"replies":[{"embeddable":true,"href":"https:\/\/www.sport4club.be\/index.php\/wp-json\/wp\/v2\/comments?post=97755"}],"wp:featuredmedia":[{"embeddable":true,"href":"https:\/\/www.sport4club.be\/index.php\/wp-json\/wp\/v2\/media\/97756"}],"wp:attachment":[{"href":"https:\/\/www.sport4club.be\/index.php\/wp-json\/wp\/v2\/media?parent=97755"}],"wp:term":[{"taxonomy":"product_cat","embeddable":true,"href":"https:\/\/www.sport4club.be\/index.php\/wp-json\/wp\/v2\/product_cat?post=97755"},{"taxonomy":"product_tag","embeddable":true,"href":"https:\/\/www.sport4club.be\/index.php\/wp-json\/wp\/v2\/product_tag?post=97755"}],"curies":[{"name":"wp","href":"https:\/\/api.w.org\/{rel}","templated":true}]}}