{"id":97661,"date":"2020-03-15T14:33:25","date_gmt":"2020-03-15T13:33:25","guid":{"rendered":"https:\/\/www.sport4club.be\/?post_type=product&#038;p=97661"},"modified":"2024-01-08T09:27:59","modified_gmt":"2024-01-08T08:27:59","slug":"babolat-core-club-jacket-garcons","status":"publish","type":"product","link":"https:\/\/www.sport4club.be\/index.php\/product\/babolat-core-club-jacket-garcons\/","title":{"rendered":"Babolat Core Club Jacket Boy"},"content":{"rendered":"<p>Cette veste de tennis Babolat de la gamme Core Club est d\u00e9clin\u00e9e en 3 couleurs pour vous permettre de coordonner le haut le bas avec vos v\u00eatements pr\u00e9f\u00e9r\u00e9s. Cette veste de surv\u00eatement pour enfant sera parfaite pour les jeunes champions !<\/p>\n<p>Elle poss\u00e8de 2 poches zipp\u00e9es pour prot\u00e9ger vos petites affaires ou ranger vos balles.<\/p>\n<p>Composition : 100% polyester<\/p>\n","protected":false},"excerpt":{"rendered":"<p>Cette veste de tennis Babolat de la gamme Core Club est d\u00e9clin\u00e9e en 3 couleurs pour vous permettre de coordonner le haut le bas avec vos v\u00eatements pr\u00e9f\u00e9r\u00e9s. Cette veste de surv\u00eatement pour enfant sera parfaite pour les jeunes champions ! Elle poss\u00e8de 2 poches zipp\u00e9es pour prot\u00e9ger vos petites affaires ou ranger vos balles. [&hellip;]<\/p>\n","protected":false},"featured_media":112602,"comment_status":"open","ping_status":"closed","template":"","meta":[],"product_cat":[483,786],"product_tag":[],"_links":{"self":[{"href":"https:\/\/www.sport4club.be\/index.php\/wp-json\/wp\/v2\/product\/97661"}],"collection":[{"href":"https:\/\/www.sport4club.be\/index.php\/wp-json\/wp\/v2\/product"}],"about":[{"href":"https:\/\/www.sport4club.be\/index.php\/wp-json\/wp\/v2\/types\/product"}],"replies":[{"embeddable":true,"href":"https:\/\/www.sport4club.be\/index.php\/wp-json\/wp\/v2\/comments?post=97661"}],"wp:featuredmedia":[{"embeddable":true,"href":"https:\/\/www.sport4club.be\/index.php\/wp-json\/wp\/v2\/media\/112602"}],"wp:attachment":[{"href":"https:\/\/www.sport4club.be\/index.php\/wp-json\/wp\/v2\/media?parent=97661"}],"wp:term":[{"taxonomy":"product_cat","embeddable":true,"href":"https:\/\/www.sport4club.be\/index.php\/wp-json\/wp\/v2\/product_cat?post=97661"},{"taxonomy":"product_tag","embeddable":true,"href":"https:\/\/www.sport4club.be\/index.php\/wp-json\/wp\/v2\/product_tag?post=97661"}],"curies":[{"name":"wp","href":"https:\/\/api.w.org\/{rel}","templated":true}]}}