{"id":97643,"date":"2020-03-15T09:57:44","date_gmt":"2020-03-15T08:57:44","guid":{"rendered":"https:\/\/www.sport4club.be\/?post_type=product&#038;p=97643"},"modified":"2020-03-15T10:04:10","modified_gmt":"2020-03-15T09:04:10","slug":"babolat-core-club-jacket-fille","status":"publish","type":"product","link":"https:\/\/www.sport4club.be\/index.php\/product\/babolat-core-club-jacket-fille\/","title":{"rendered":"Babolat Core Club Jacket Fille"},"content":{"rendered":"<p>Cette veste Babolat Core Club est id\u00e9ale pour tous les matchs de tennis et notamment les matchs par \u00e9quipe.<br \/>\nElle est sp\u00e9cifiquement d\u00e9velopp\u00e9e pour les sports de raquettes, avec des mati\u00e8res innovantes, pour le confort et la performance des joueuses.<br \/>\nCon\u00e7ue en 100% polyester et dot\u00e9e des deux technologies 360\u00b0 MOTION et FIBER DRY, elle apportera un confort infini et une grande libert\u00e9 de mouvements.<\/p>\n<p>&#8211; Composition : 100% polyester<br \/>\n&#8211; Technologie 360\u00b0 MOTION : textile intelligent qui permet une grande libert\u00e9 de mouvements<br \/>\n&#8211; Technologie Fiber Dry : mati\u00e8re l\u00e9g\u00e8re et douce qui permet un usage intensif \u00e0 l\u2019entrainement comme en comp\u00e9tition<br \/>\n&#8211; Deux poches lat\u00e9rales<br \/>\n&#8211; Fermeture zipp\u00e9e<br \/>\n&#8211; Logo Babolat sur la poitrine \u00e0 gauche<\/p>\n","protected":false},"excerpt":{"rendered":"<p>Cette veste Babolat Core Club est id\u00e9ale pour tous les matchs de tennis et notamment les matchs par \u00e9quipe. Elle est sp\u00e9cifiquement d\u00e9velopp\u00e9e pour les sports de raquettes, avec des mati\u00e8res innovantes, pour le confort et la performance des joueuses. Con\u00e7ue en 100% polyester et dot\u00e9e des deux technologies 360\u00b0 MOTION et FIBER DRY, elle [&hellip;]<\/p>\n","protected":false},"featured_media":97644,"comment_status":"open","ping_status":"closed","template":"","meta":[],"product_cat":[483],"product_tag":[],"_links":{"self":[{"href":"https:\/\/www.sport4club.be\/index.php\/wp-json\/wp\/v2\/product\/97643"}],"collection":[{"href":"https:\/\/www.sport4club.be\/index.php\/wp-json\/wp\/v2\/product"}],"about":[{"href":"https:\/\/www.sport4club.be\/index.php\/wp-json\/wp\/v2\/types\/product"}],"replies":[{"embeddable":true,"href":"https:\/\/www.sport4club.be\/index.php\/wp-json\/wp\/v2\/comments?post=97643"}],"wp:featuredmedia":[{"embeddable":true,"href":"https:\/\/www.sport4club.be\/index.php\/wp-json\/wp\/v2\/media\/97644"}],"wp:attachment":[{"href":"https:\/\/www.sport4club.be\/index.php\/wp-json\/wp\/v2\/media?parent=97643"}],"wp:term":[{"taxonomy":"product_cat","embeddable":true,"href":"https:\/\/www.sport4club.be\/index.php\/wp-json\/wp\/v2\/product_cat?post=97643"},{"taxonomy":"product_tag","embeddable":true,"href":"https:\/\/www.sport4club.be\/index.php\/wp-json\/wp\/v2\/product_tag?post=97643"}],"curies":[{"name":"wp","href":"https:\/\/api.w.org\/{rel}","templated":true}]}}