{"id":97383,"date":"2020-03-12T15:39:34","date_gmt":"2020-03-12T14:39:34","guid":{"rendered":"https:\/\/www.sport4club.be\/?post_type=product&#038;p=97383"},"modified":"2020-03-12T16:13:38","modified_gmt":"2020-03-12T15:13:38","slug":"babolat-play-tank-top","status":"publish","type":"product","link":"https:\/\/www.sport4club.be\/index.php\/product\/babolat-play-tank-top\/","title":{"rendered":"Babolat Play Tank Top"},"content":{"rendered":"<p>Ce d\u00e9bardeur Babolat au design simpliste et color\u00e9 est un incontournable des courts de tennis.<br \/>\nCon\u00e7u pour apporter aux joueuses un bien-\u00eatre en jeu optimal, il est le v\u00eatement qu&#8217;il vous faut pour performer avec efficacit\u00e9 sur le terrain.<br \/>\nDot\u00e9 de la technologie Fiber Dry, il \u00e9vacue la sueur emmagasin\u00e9e lors de votre effort pour vous maintenir au frais et au sec en toutes circonstances. <\/p>\n","protected":false},"excerpt":{"rendered":"<p>Ce d\u00e9bardeur Babolat au design simpliste et color\u00e9 est un incontournable des courts de tennis. Con\u00e7u pour apporter aux joueuses un bien-\u00eatre en jeu optimal, il est le v\u00eatement qu&#8217;il vous faut pour performer avec efficacit\u00e9 sur le terrain. Dot\u00e9 de la technologie Fiber Dry, il \u00e9vacue la sueur emmagasin\u00e9e lors de votre effort pour [&hellip;]<\/p>\n","protected":false},"featured_media":97384,"comment_status":"open","ping_status":"closed","template":"","meta":[],"product_cat":[482],"product_tag":[],"_links":{"self":[{"href":"https:\/\/www.sport4club.be\/index.php\/wp-json\/wp\/v2\/product\/97383"}],"collection":[{"href":"https:\/\/www.sport4club.be\/index.php\/wp-json\/wp\/v2\/product"}],"about":[{"href":"https:\/\/www.sport4club.be\/index.php\/wp-json\/wp\/v2\/types\/product"}],"replies":[{"embeddable":true,"href":"https:\/\/www.sport4club.be\/index.php\/wp-json\/wp\/v2\/comments?post=97383"}],"wp:featuredmedia":[{"embeddable":true,"href":"https:\/\/www.sport4club.be\/index.php\/wp-json\/wp\/v2\/media\/97384"}],"wp:attachment":[{"href":"https:\/\/www.sport4club.be\/index.php\/wp-json\/wp\/v2\/media?parent=97383"}],"wp:term":[{"taxonomy":"product_cat","embeddable":true,"href":"https:\/\/www.sport4club.be\/index.php\/wp-json\/wp\/v2\/product_cat?post=97383"},{"taxonomy":"product_tag","embeddable":true,"href":"https:\/\/www.sport4club.be\/index.php\/wp-json\/wp\/v2\/product_tag?post=97383"}],"curies":[{"name":"wp","href":"https:\/\/api.w.org\/{rel}","templated":true}]}}