{"id":97282,"date":"2020-03-12T09:23:02","date_gmt":"2020-03-12T08:23:02","guid":{"rendered":"https:\/\/www.sport4club.be\/?post_type=product&#038;p=97282"},"modified":"2021-03-11T11:57:51","modified_gmt":"2021-03-11T10:57:51","slug":"babolat-exercise-flag-message-tee","status":"publish","type":"product","link":"https:\/\/www.sport4club.be\/index.php\/product\/babolat-exercise-flag-message-tee\/","title":{"rendered":"Babolat Exercise Flag Message Tee"},"content":{"rendered":"<p>Performez en toute simplicit\u00e9 lors de votre session de padel avec l&#8217;aide de ce t-shirt Babolat.<br \/>\nCon\u00e7u dans un tissu en coton doux, il vous assurera un excellent confort tout en vous garantissant une libert\u00e9 de mouvements optimal.<\/p>\n","protected":false},"excerpt":{"rendered":"<p>Performez en toute simplicit\u00e9 lors de votre session de padel avec l&#8217;aide de ce t-shirt Babolat. Con\u00e7u dans un tissu en coton doux, il vous assurera un excellent confort tout en vous garantissant une libert\u00e9 de mouvements optimal.<\/p>\n","protected":false},"featured_media":97284,"comment_status":"open","ping_status":"closed","template":"","meta":[],"product_cat":[481],"product_tag":[],"_links":{"self":[{"href":"https:\/\/www.sport4club.be\/index.php\/wp-json\/wp\/v2\/product\/97282"}],"collection":[{"href":"https:\/\/www.sport4club.be\/index.php\/wp-json\/wp\/v2\/product"}],"about":[{"href":"https:\/\/www.sport4club.be\/index.php\/wp-json\/wp\/v2\/types\/product"}],"replies":[{"embeddable":true,"href":"https:\/\/www.sport4club.be\/index.php\/wp-json\/wp\/v2\/comments?post=97282"}],"wp:featuredmedia":[{"embeddable":true,"href":"https:\/\/www.sport4club.be\/index.php\/wp-json\/wp\/v2\/media\/97284"}],"wp:attachment":[{"href":"https:\/\/www.sport4club.be\/index.php\/wp-json\/wp\/v2\/media?parent=97282"}],"wp:term":[{"taxonomy":"product_cat","embeddable":true,"href":"https:\/\/www.sport4club.be\/index.php\/wp-json\/wp\/v2\/product_cat?post=97282"},{"taxonomy":"product_tag","embeddable":true,"href":"https:\/\/www.sport4club.be\/index.php\/wp-json\/wp\/v2\/product_tag?post=97282"}],"curies":[{"name":"wp","href":"https:\/\/api.w.org\/{rel}","templated":true}]}}