{"id":97230,"date":"2020-03-12T09:07:08","date_gmt":"2020-03-12T08:07:08","guid":{"rendered":"https:\/\/www.sport4club.be\/?post_type=product&#038;p=97230"},"modified":"2020-03-12T09:07:09","modified_gmt":"2020-03-12T08:07:09","slug":"babolat-exercise-vintage-tee","status":"publish","type":"product","link":"https:\/\/www.sport4club.be\/index.php\/product\/babolat-exercise-vintage-tee\/","title":{"rendered":"Babolat Exercise Vintage Tee"},"content":{"rendered":"<p>Ce t-shirt Babolat est un incontournable des terrains de tennis.<br \/>\nId\u00e9al \u00e0 porter lors de vos entra\u00eenements, il vous apportera un confort total gr\u00e2ce \u00e0 la douceur de son tissu ainsi qu&#8217;une excellente libert\u00e9 de mouvement. <\/p>\n","protected":false},"excerpt":{"rendered":"<p>Ce t-shirt Babolat est un incontournable des terrains de tennis. Id\u00e9al \u00e0 porter lors de vos entra\u00eenements, il vous apportera un confort total gr\u00e2ce \u00e0 la douceur de son tissu ainsi qu&#8217;une excellente libert\u00e9 de mouvement.<\/p>\n","protected":false},"featured_media":97231,"comment_status":"open","ping_status":"closed","template":"","meta":[],"product_cat":[481],"product_tag":[],"_links":{"self":[{"href":"https:\/\/www.sport4club.be\/index.php\/wp-json\/wp\/v2\/product\/97230"}],"collection":[{"href":"https:\/\/www.sport4club.be\/index.php\/wp-json\/wp\/v2\/product"}],"about":[{"href":"https:\/\/www.sport4club.be\/index.php\/wp-json\/wp\/v2\/types\/product"}],"replies":[{"embeddable":true,"href":"https:\/\/www.sport4club.be\/index.php\/wp-json\/wp\/v2\/comments?post=97230"}],"wp:featuredmedia":[{"embeddable":true,"href":"https:\/\/www.sport4club.be\/index.php\/wp-json\/wp\/v2\/media\/97231"}],"wp:attachment":[{"href":"https:\/\/www.sport4club.be\/index.php\/wp-json\/wp\/v2\/media?parent=97230"}],"wp:term":[{"taxonomy":"product_cat","embeddable":true,"href":"https:\/\/www.sport4club.be\/index.php\/wp-json\/wp\/v2\/product_cat?post=97230"},{"taxonomy":"product_tag","embeddable":true,"href":"https:\/\/www.sport4club.be\/index.php\/wp-json\/wp\/v2\/product_tag?post=97230"}],"curies":[{"name":"wp","href":"https:\/\/api.w.org\/{rel}","templated":true}]}}