{"id":97216,"date":"2020-03-12T08:59:53","date_gmt":"2020-03-12T07:59:53","guid":{"rendered":"https:\/\/www.sport4club.be\/?post_type=product&#038;p=97216"},"modified":"2022-06-07T08:56:02","modified_gmt":"2022-06-07T06:56:02","slug":"babolat-exercise-jogger-pant","status":"publish","type":"product","link":"https:\/\/www.sport4club.be\/index.php\/product\/babolat-exercise-jogger-pant\/","title":{"rendered":"Babolat Exercise Jogger Pant"},"content":{"rendered":"<p><em>Ce pantalon Babolat est id\u00e9al \u00e0 porter lors de vos activit\u00e9s sportives.<\/em><br \/>\n<em>Il vous gardera au chaud avant et apr\u00e8s votre performance tout en assurant un confort total gr\u00e2ce \u00e0 son tissu en coton doux.<\/em><br \/>\n<em>Il est dot\u00e9 de deux poches lat\u00e9rales pour que vous puissiez y glisser vos balles de tennis ou autres objets personnels.<\/em><\/p>\n<table class=\"slds-table slds-table_header-hidden\">\n<tbody>\n<tr class=\"slds-hint-parent slds-border_bottom\">\n<td class=\"slds-cell-wrap\">Composition<\/td>\n<td class=\"slds-cell-wrap\">Body: 60% cotton 40% polyester<\/p>\n<p>Ankle bands: 95% cotton 5% spandex<\/td>\n<\/tr>\n<\/tbody>\n<\/table>\n","protected":false},"excerpt":{"rendered":"<p>Ce pantalon Babolat est id\u00e9al \u00e0 porter lors de vos activit\u00e9s sportives. Il vous gardera au chaud avant et apr\u00e8s votre performance tout en assurant un confort total gr\u00e2ce \u00e0 son tissu en coton doux. Il est dot\u00e9 de deux poches lat\u00e9rales pour que vous puissiez y glisser vos balles de tennis ou autres objets [&hellip;]<\/p>\n","protected":false},"featured_media":97217,"comment_status":"open","ping_status":"closed","template":"","meta":[],"product_cat":[481],"product_tag":[],"_links":{"self":[{"href":"https:\/\/www.sport4club.be\/index.php\/wp-json\/wp\/v2\/product\/97216"}],"collection":[{"href":"https:\/\/www.sport4club.be\/index.php\/wp-json\/wp\/v2\/product"}],"about":[{"href":"https:\/\/www.sport4club.be\/index.php\/wp-json\/wp\/v2\/types\/product"}],"replies":[{"embeddable":true,"href":"https:\/\/www.sport4club.be\/index.php\/wp-json\/wp\/v2\/comments?post=97216"}],"wp:featuredmedia":[{"embeddable":true,"href":"https:\/\/www.sport4club.be\/index.php\/wp-json\/wp\/v2\/media\/97217"}],"wp:attachment":[{"href":"https:\/\/www.sport4club.be\/index.php\/wp-json\/wp\/v2\/media?parent=97216"}],"wp:term":[{"taxonomy":"product_cat","embeddable":true,"href":"https:\/\/www.sport4club.be\/index.php\/wp-json\/wp\/v2\/product_cat?post=97216"},{"taxonomy":"product_tag","embeddable":true,"href":"https:\/\/www.sport4club.be\/index.php\/wp-json\/wp\/v2\/product_tag?post=97216"}],"curies":[{"name":"wp","href":"https:\/\/api.w.org\/{rel}","templated":true}]}}