{"id":97187,"date":"2020-03-12T08:39:14","date_gmt":"2020-03-12T07:39:14","guid":{"rendered":"https:\/\/www.sport4club.be\/?post_type=product&#038;p=97187"},"modified":"2022-11-21T14:09:23","modified_gmt":"2022-11-21T13:09:23","slug":"babolat-exercise-hood-sweat","status":"publish","type":"product","link":"https:\/\/www.sport4club.be\/index.php\/product\/babolat-exercise-hood-sweat\/","title":{"rendered":"Babolat Exercise Hood Sweat"},"content":{"rendered":"<p>Ce sweat Babolat, simple et performant, garantit un confort total au port\u00e9 gr\u00e2ce \u00e0 son tissu en coton doux et agr\u00e9able.<br \/>\nConfectionn\u00e9 \u00e9galement en polyester, il assure une excellente libert\u00e9 de mouvement gr\u00e2ce \u00e0 sa l\u00e9g\u00e8ret\u00e9.<br \/>\nIl dispose d&#8217;une capuche pour vous prot\u00e9ger en cas de pluie ainsi que d&#8217;une poche kangourou \u00e0 l&#8217;avant pour y d\u00e9poser vos mains lorsqu&#8217;il fera froid.<\/p>\n","protected":false},"excerpt":{"rendered":"<p>Ce sweat Babolat, simple et performant, garantit un confort total au port\u00e9 gr\u00e2ce \u00e0 son tissu en coton doux et agr\u00e9able. Confectionn\u00e9 \u00e9galement en polyester, il assure une excellente libert\u00e9 de mouvement gr\u00e2ce \u00e0 sa l\u00e9g\u00e8ret\u00e9. Il dispose d&#8217;une capuche pour vous prot\u00e9ger en cas de pluie ainsi que d&#8217;une poche kangourou \u00e0 l&#8217;avant pour [&hellip;]<\/p>\n","protected":false},"featured_media":97188,"comment_status":"open","ping_status":"closed","template":"","meta":[],"product_cat":[481],"product_tag":[],"_links":{"self":[{"href":"https:\/\/www.sport4club.be\/index.php\/wp-json\/wp\/v2\/product\/97187"}],"collection":[{"href":"https:\/\/www.sport4club.be\/index.php\/wp-json\/wp\/v2\/product"}],"about":[{"href":"https:\/\/www.sport4club.be\/index.php\/wp-json\/wp\/v2\/types\/product"}],"replies":[{"embeddable":true,"href":"https:\/\/www.sport4club.be\/index.php\/wp-json\/wp\/v2\/comments?post=97187"}],"wp:featuredmedia":[{"embeddable":true,"href":"https:\/\/www.sport4club.be\/index.php\/wp-json\/wp\/v2\/media\/97188"}],"wp:attachment":[{"href":"https:\/\/www.sport4club.be\/index.php\/wp-json\/wp\/v2\/media?parent=97187"}],"wp:term":[{"taxonomy":"product_cat","embeddable":true,"href":"https:\/\/www.sport4club.be\/index.php\/wp-json\/wp\/v2\/product_cat?post=97187"},{"taxonomy":"product_tag","embeddable":true,"href":"https:\/\/www.sport4club.be\/index.php\/wp-json\/wp\/v2\/product_tag?post=97187"}],"curies":[{"name":"wp","href":"https:\/\/api.w.org\/{rel}","templated":true}]}}