{"id":97155,"date":"2020-03-12T08:32:16","date_gmt":"2020-03-12T07:32:16","guid":{"rendered":"https:\/\/www.sport4club.be\/?post_type=product&#038;p=97155"},"modified":"2022-03-08T10:01:55","modified_gmt":"2022-03-08T09:01:55","slug":"babolat-exercise-tee","status":"publish","type":"product","link":"https:\/\/www.sport4club.be\/index.php\/product\/babolat-exercise-tee\/","title":{"rendered":"Babolat Exercise Tee"},"content":{"rendered":"<p>Ce t-shirt Babolat est \u00e0 adopter au plus vite pour vos futurs entra\u00eenements de tennis.<br \/>\nSimple et efficace, il apporte un confort optimal gr\u00e2ce \u00e0 la douceur du coton tout en assurant une excellente libert\u00e9 de mouvement du fait de sa l\u00e9g\u00e8ret\u00e9.<\/p>\n","protected":false},"excerpt":{"rendered":"<p>Ce t-shirt Babolat est \u00e0 adopter au plus vite pour vos futurs entra\u00eenements de tennis. Simple et efficace, il apporte un confort optimal gr\u00e2ce \u00e0 la douceur du coton tout en assurant une excellente libert\u00e9 de mouvement du fait de sa l\u00e9g\u00e8ret\u00e9.<\/p>\n","protected":false},"featured_media":97156,"comment_status":"open","ping_status":"closed","template":"","meta":[],"product_cat":[481],"product_tag":[],"_links":{"self":[{"href":"https:\/\/www.sport4club.be\/index.php\/wp-json\/wp\/v2\/product\/97155"}],"collection":[{"href":"https:\/\/www.sport4club.be\/index.php\/wp-json\/wp\/v2\/product"}],"about":[{"href":"https:\/\/www.sport4club.be\/index.php\/wp-json\/wp\/v2\/types\/product"}],"replies":[{"embeddable":true,"href":"https:\/\/www.sport4club.be\/index.php\/wp-json\/wp\/v2\/comments?post=97155"}],"wp:featuredmedia":[{"embeddable":true,"href":"https:\/\/www.sport4club.be\/index.php\/wp-json\/wp\/v2\/media\/97156"}],"wp:attachment":[{"href":"https:\/\/www.sport4club.be\/index.php\/wp-json\/wp\/v2\/media?parent=97155"}],"wp:term":[{"taxonomy":"product_cat","embeddable":true,"href":"https:\/\/www.sport4club.be\/index.php\/wp-json\/wp\/v2\/product_cat?post=97155"},{"taxonomy":"product_tag","embeddable":true,"href":"https:\/\/www.sport4club.be\/index.php\/wp-json\/wp\/v2\/product_tag?post=97155"}],"curies":[{"name":"wp","href":"https:\/\/api.w.org\/{rel}","templated":true}]}}