{"id":97089,"date":"2020-03-11T15:15:13","date_gmt":"2020-03-11T14:15:13","guid":{"rendered":"https:\/\/www.sport4club.be\/?post_type=product&#038;p=97089"},"modified":"2020-03-11T15:15:13","modified_gmt":"2020-03-11T14:15:13","slug":"babolat-play-pant","status":"publish","type":"product","link":"https:\/\/www.sport4club.be\/index.php\/product\/babolat-play-pant\/","title":{"rendered":"Babolat Play Pant"},"content":{"rendered":"<p>Ce pantalon Babolat vous accompagnera lors de vos \u00e9chauffements d&#8217;avant matchs.<br \/>\nIl vous gardera au chaud avant et apr\u00e8s votre performance tout en assurant une excellente libert\u00e9 de mouvement gr\u00e2ce \u00e0 la l\u00e9g\u00e8ret\u00e9 de son tissu.<br \/>\nDot\u00e9 de la technologie Fiber Dry, votre confort sera que de plus accentu\u00e9 car il vous maintiendra au sec et au frais en toutes circonstances.<br \/>\nIl est dot\u00e9 de deux poches lat\u00e9rales pour que vous puissiez y glisser vos balles de tennis ou autres objets personnels. <\/p>\n","protected":false},"excerpt":{"rendered":"<p>Ce pantalon Babolat vous accompagnera lors de vos \u00e9chauffements d&#8217;avant matchs. Il vous gardera au chaud avant et apr\u00e8s votre performance tout en assurant une excellente libert\u00e9 de mouvement gr\u00e2ce \u00e0 la l\u00e9g\u00e8ret\u00e9 de son tissu. Dot\u00e9 de la technologie Fiber Dry, votre confort sera que de plus accentu\u00e9 car il vous maintiendra au sec [&hellip;]<\/p>\n","protected":false},"featured_media":97090,"comment_status":"open","ping_status":"closed","template":"","meta":[],"product_cat":[481],"product_tag":[],"_links":{"self":[{"href":"https:\/\/www.sport4club.be\/index.php\/wp-json\/wp\/v2\/product\/97089"}],"collection":[{"href":"https:\/\/www.sport4club.be\/index.php\/wp-json\/wp\/v2\/product"}],"about":[{"href":"https:\/\/www.sport4club.be\/index.php\/wp-json\/wp\/v2\/types\/product"}],"replies":[{"embeddable":true,"href":"https:\/\/www.sport4club.be\/index.php\/wp-json\/wp\/v2\/comments?post=97089"}],"wp:featuredmedia":[{"embeddable":true,"href":"https:\/\/www.sport4club.be\/index.php\/wp-json\/wp\/v2\/media\/97090"}],"wp:attachment":[{"href":"https:\/\/www.sport4club.be\/index.php\/wp-json\/wp\/v2\/media?parent=97089"}],"wp:term":[{"taxonomy":"product_cat","embeddable":true,"href":"https:\/\/www.sport4club.be\/index.php\/wp-json\/wp\/v2\/product_cat?post=97089"},{"taxonomy":"product_tag","embeddable":true,"href":"https:\/\/www.sport4club.be\/index.php\/wp-json\/wp\/v2\/product_tag?post=97089"}],"curies":[{"name":"wp","href":"https:\/\/api.w.org\/{rel}","templated":true}]}}