{"id":97081,"date":"2020-03-11T15:03:08","date_gmt":"2020-03-11T14:03:08","guid":{"rendered":"https:\/\/www.sport4club.be\/?post_type=product&#038;p=97081"},"modified":"2020-03-11T15:03:08","modified_gmt":"2020-03-11T14:03:08","slug":"babolat-play-ls-tee","status":"publish","type":"product","link":"https:\/\/www.sport4club.be\/index.php\/product\/babolat-play-ls-tee\/","title":{"rendered":"Babolat Play LS Tee"},"content":{"rendered":"<p>Ce t-shirt de tennis Babolat Club \u00e0 manches longues a \u00e9t\u00e9 con\u00e7u \u00e0 partir d&#8217;un tissu en polyester l\u00e9ger et performant.<br \/>\nSp\u00e9cialement \u00e9tudi\u00e9 pour vous offrir un confort optimal lors de votre effort, ce dernier vous garantira une excellente libert\u00e9 de mouvement durant votre effort.<br \/>\nSon design simple et uni se mariera parfaitement \u00e0 l&#8217;ensemble de vos tenues. <\/p>\n","protected":false},"excerpt":{"rendered":"<p>Ce t-shirt de tennis Babolat Club \u00e0 manches longues a \u00e9t\u00e9 con\u00e7u \u00e0 partir d&#8217;un tissu en polyester l\u00e9ger et performant. Sp\u00e9cialement \u00e9tudi\u00e9 pour vous offrir un confort optimal lors de votre effort, ce dernier vous garantira une excellente libert\u00e9 de mouvement durant votre effort. Son design simple et uni se mariera parfaitement \u00e0 l&#8217;ensemble [&hellip;]<\/p>\n","protected":false},"featured_media":97082,"comment_status":"open","ping_status":"closed","template":"","meta":[],"product_cat":[481],"product_tag":[],"_links":{"self":[{"href":"https:\/\/www.sport4club.be\/index.php\/wp-json\/wp\/v2\/product\/97081"}],"collection":[{"href":"https:\/\/www.sport4club.be\/index.php\/wp-json\/wp\/v2\/product"}],"about":[{"href":"https:\/\/www.sport4club.be\/index.php\/wp-json\/wp\/v2\/types\/product"}],"replies":[{"embeddable":true,"href":"https:\/\/www.sport4club.be\/index.php\/wp-json\/wp\/v2\/comments?post=97081"}],"wp:featuredmedia":[{"embeddable":true,"href":"https:\/\/www.sport4club.be\/index.php\/wp-json\/wp\/v2\/media\/97082"}],"wp:attachment":[{"href":"https:\/\/www.sport4club.be\/index.php\/wp-json\/wp\/v2\/media?parent=97081"}],"wp:term":[{"taxonomy":"product_cat","embeddable":true,"href":"https:\/\/www.sport4club.be\/index.php\/wp-json\/wp\/v2\/product_cat?post=97081"},{"taxonomy":"product_tag","embeddable":true,"href":"https:\/\/www.sport4club.be\/index.php\/wp-json\/wp\/v2\/product_tag?post=97081"}],"curies":[{"name":"wp","href":"https:\/\/api.w.org\/{rel}","templated":true}]}}