{"id":97040,"date":"2020-03-11T14:49:38","date_gmt":"2020-03-11T13:49:38","guid":{"rendered":"https:\/\/www.sport4club.be\/?post_type=product&#038;p=97040"},"modified":"2024-12-05T10:35:04","modified_gmt":"2024-12-05T09:35:04","slug":"babolat-play-short","status":"publish","type":"product","link":"https:\/\/www.sport4club.be\/index.php\/product\/babolat-play-short\/","title":{"rendered":"Babolat Play Short"},"content":{"rendered":"<p>Ce short Babolat, id\u00e9al pour la pratique du tennis en comp\u00e9tition et en loisir, dispose d&#8217;un tissu fin et l\u00e9ger pour assurer une grande libert\u00e9 des mouvements.<br \/>\nInt\u00e9grant la technologie Fiber Dry, il \u00e9vacue de fa\u00e7on optimal la sueur pour vous maintenir au frais et au sec tout au long de l&#8217;effort.<br \/>\nIl dispose de deux grandes poches sur les c\u00f4t\u00e9s pour y ins\u00e9rer vos balles de tennis ou vos objets personnels.<\/p>\n","protected":false},"excerpt":{"rendered":"<p>Ce short Babolat, id\u00e9al pour la pratique du tennis en comp\u00e9tition et en loisir, dispose d&#8217;un tissu fin et l\u00e9ger pour assurer une grande libert\u00e9 des mouvements. Int\u00e9grant la technologie Fiber Dry, il \u00e9vacue de fa\u00e7on optimal la sueur pour vous maintenir au frais et au sec tout au long de l&#8217;effort. Il dispose de [&hellip;]<\/p>\n","protected":false},"featured_media":97041,"comment_status":"open","ping_status":"closed","template":"","meta":[],"product_cat":[481],"product_tag":[],"_links":{"self":[{"href":"https:\/\/www.sport4club.be\/index.php\/wp-json\/wp\/v2\/product\/97040"}],"collection":[{"href":"https:\/\/www.sport4club.be\/index.php\/wp-json\/wp\/v2\/product"}],"about":[{"href":"https:\/\/www.sport4club.be\/index.php\/wp-json\/wp\/v2\/types\/product"}],"replies":[{"embeddable":true,"href":"https:\/\/www.sport4club.be\/index.php\/wp-json\/wp\/v2\/comments?post=97040"}],"wp:featuredmedia":[{"embeddable":true,"href":"https:\/\/www.sport4club.be\/index.php\/wp-json\/wp\/v2\/media\/97041"}],"wp:attachment":[{"href":"https:\/\/www.sport4club.be\/index.php\/wp-json\/wp\/v2\/media?parent=97040"}],"wp:term":[{"taxonomy":"product_cat","embeddable":true,"href":"https:\/\/www.sport4club.be\/index.php\/wp-json\/wp\/v2\/product_cat?post=97040"},{"taxonomy":"product_tag","embeddable":true,"href":"https:\/\/www.sport4club.be\/index.php\/wp-json\/wp\/v2\/product_tag?post=97040"}],"curies":[{"name":"wp","href":"https:\/\/api.w.org\/{rel}","templated":true}]}}