{"id":96976,"date":"2020-03-11T09:44:10","date_gmt":"2020-03-11T08:44:10","guid":{"rendered":"https:\/\/www.sport4club.be\/?post_type=product&#038;p=96976"},"modified":"2023-03-02T08:52:46","modified_gmt":"2023-03-02T07:52:46","slug":"babolat-play-crew-neck-tee-2","status":"publish","type":"product","link":"https:\/\/www.sport4club.be\/index.php\/product\/babolat-play-crew-neck-tee-2\/","title":{"rendered":"Babolat Play Crew Neck Tee"},"content":{"rendered":"<p>Ce tee-shirt a \u00e9t\u00e9 d\u00e9velopp\u00e9 dans une mati\u00e8re douce et souple, \u00e0 l&#8217;\u00e9lasticit\u00e9 naturelle. Ceci afin de faciliter la pratique de votre sport.<\/p>\n","protected":false},"excerpt":{"rendered":"<p>Ce tee-shirt a \u00e9t\u00e9 d\u00e9velopp\u00e9 dans une mati\u00e8re douce et souple, \u00e0 l&#8217;\u00e9lasticit\u00e9 naturelle. Ceci afin de faciliter la pratique de votre sport.<\/p>\n","protected":false},"featured_media":96977,"comment_status":"open","ping_status":"closed","template":"","meta":[],"product_cat":[481],"product_tag":[],"_links":{"self":[{"href":"https:\/\/www.sport4club.be\/index.php\/wp-json\/wp\/v2\/product\/96976"}],"collection":[{"href":"https:\/\/www.sport4club.be\/index.php\/wp-json\/wp\/v2\/product"}],"about":[{"href":"https:\/\/www.sport4club.be\/index.php\/wp-json\/wp\/v2\/types\/product"}],"replies":[{"embeddable":true,"href":"https:\/\/www.sport4club.be\/index.php\/wp-json\/wp\/v2\/comments?post=96976"}],"wp:featuredmedia":[{"embeddable":true,"href":"https:\/\/www.sport4club.be\/index.php\/wp-json\/wp\/v2\/media\/96977"}],"wp:attachment":[{"href":"https:\/\/www.sport4club.be\/index.php\/wp-json\/wp\/v2\/media?parent=96976"}],"wp:term":[{"taxonomy":"product_cat","embeddable":true,"href":"https:\/\/www.sport4club.be\/index.php\/wp-json\/wp\/v2\/product_cat?post=96976"},{"taxonomy":"product_tag","embeddable":true,"href":"https:\/\/www.sport4club.be\/index.php\/wp-json\/wp\/v2\/product_tag?post=96976"}],"curies":[{"name":"wp","href":"https:\/\/api.w.org\/{rel}","templated":true}]}}