{"id":96961,"date":"2020-03-11T09:30:20","date_gmt":"2020-03-11T08:30:20","guid":{"rendered":"https:\/\/www.sport4club.be\/?post_type=product&#038;p=96961"},"modified":"2023-03-02T08:54:32","modified_gmt":"2023-03-02T07:54:32","slug":"babolat-play-crew-neck-tee","status":"publish","type":"product","link":"https:\/\/www.sport4club.be\/index.php\/product\/babolat-play-crew-neck-tee\/","title":{"rendered":"Babolat Play Crew Neck Tee"},"content":{"rendered":"<p>Ce tee-shirt a \u00e9t\u00e9 d\u00e9velopp\u00e9 dans une mati\u00e8re douce et souple, \u00e0 l&#8217;\u00e9lasticit\u00e9 naturelle. Ceci afin de faciliter la pratique de votre sport.<\/p>\n","protected":false},"excerpt":{"rendered":"<p>Ce tee-shirt a \u00e9t\u00e9 d\u00e9velopp\u00e9 dans une mati\u00e8re douce et souple, \u00e0 l&#8217;\u00e9lasticit\u00e9 naturelle. Ceci afin de faciliter la pratique de votre sport.<\/p>\n","protected":false},"featured_media":96962,"comment_status":"open","ping_status":"closed","template":"","meta":[],"product_cat":[481],"product_tag":[],"_links":{"self":[{"href":"https:\/\/www.sport4club.be\/index.php\/wp-json\/wp\/v2\/product\/96961"}],"collection":[{"href":"https:\/\/www.sport4club.be\/index.php\/wp-json\/wp\/v2\/product"}],"about":[{"href":"https:\/\/www.sport4club.be\/index.php\/wp-json\/wp\/v2\/types\/product"}],"replies":[{"embeddable":true,"href":"https:\/\/www.sport4club.be\/index.php\/wp-json\/wp\/v2\/comments?post=96961"}],"wp:featuredmedia":[{"embeddable":true,"href":"https:\/\/www.sport4club.be\/index.php\/wp-json\/wp\/v2\/media\/96962"}],"wp:attachment":[{"href":"https:\/\/www.sport4club.be\/index.php\/wp-json\/wp\/v2\/media?parent=96961"}],"wp:term":[{"taxonomy":"product_cat","embeddable":true,"href":"https:\/\/www.sport4club.be\/index.php\/wp-json\/wp\/v2\/product_cat?post=96961"},{"taxonomy":"product_tag","embeddable":true,"href":"https:\/\/www.sport4club.be\/index.php\/wp-json\/wp\/v2\/product_tag?post=96961"}],"curies":[{"name":"wp","href":"https:\/\/api.w.org\/{rel}","templated":true}]}}