{"id":95648,"date":"2020-02-16T13:26:43","date_gmt":"2020-02-16T12:26:43","guid":{"rendered":"https:\/\/www.sport4club.be\/?post_type=product&#038;p=95648"},"modified":"2023-11-04T10:11:19","modified_gmt":"2023-11-04T09:11:19","slug":"tecnifibre-syn-gut-200m","status":"publish","type":"product","link":"https:\/\/www.sport4club.be\/index.php\/product\/tecnifibre-syn-gut-200m\/","title":{"rendered":"Tecnifibre Syn Gut 200M"},"content":{"rendered":"<p>Synth\u00e9tique simple guipage pour apporter une bonne jouabilit\u00e9. Le cordage permet de g\u00e9n\u00e9rer facilement de la vitesse de balle tout en \u00e9tant tr\u00e8s confortable. Bonne r\u00e9sistance pour un synth\u00e9tique.<\/p>\n<p>Cordage id\u00e9al pour les tr\u00e8s jeunes joueurs qui cassent souvent ou pour les joueurs loisirs.<\/p>\n","protected":false},"excerpt":{"rendered":"<p>Synth\u00e9tique simple guipage pour apporter une bonne jouabilit\u00e9. Le cordage permet de g\u00e9n\u00e9rer facilement de la vitesse de balle tout en \u00e9tant tr\u00e8s confortable. Bonne r\u00e9sistance pour un synth\u00e9tique. Cordage id\u00e9al pour les tr\u00e8s jeunes joueurs qui cassent souvent ou pour les joueurs loisirs.<\/p>\n","protected":false},"featured_media":95649,"comment_status":"open","ping_status":"closed","template":"","meta":[],"product_cat":[108],"product_tag":[],"_links":{"self":[{"href":"https:\/\/www.sport4club.be\/index.php\/wp-json\/wp\/v2\/product\/95648"}],"collection":[{"href":"https:\/\/www.sport4club.be\/index.php\/wp-json\/wp\/v2\/product"}],"about":[{"href":"https:\/\/www.sport4club.be\/index.php\/wp-json\/wp\/v2\/types\/product"}],"replies":[{"embeddable":true,"href":"https:\/\/www.sport4club.be\/index.php\/wp-json\/wp\/v2\/comments?post=95648"}],"wp:featuredmedia":[{"embeddable":true,"href":"https:\/\/www.sport4club.be\/index.php\/wp-json\/wp\/v2\/media\/95649"}],"wp:attachment":[{"href":"https:\/\/www.sport4club.be\/index.php\/wp-json\/wp\/v2\/media?parent=95648"}],"wp:term":[{"taxonomy":"product_cat","embeddable":true,"href":"https:\/\/www.sport4club.be\/index.php\/wp-json\/wp\/v2\/product_cat?post=95648"},{"taxonomy":"product_tag","embeddable":true,"href":"https:\/\/www.sport4club.be\/index.php\/wp-json\/wp\/v2\/product_tag?post=95648"}],"curies":[{"name":"wp","href":"https:\/\/api.w.org\/{rel}","templated":true}]}}