{"id":95640,"date":"2020-02-16T13:15:06","date_gmt":"2020-02-16T12:15:06","guid":{"rendered":"https:\/\/www.sport4club.be\/?post_type=product&#038;p=95640"},"modified":"2023-11-04T10:23:19","modified_gmt":"2023-11-04T09:23:19","slug":"tecnifibre-xr3-200m","status":"publish","type":"product","link":"https:\/\/www.sport4club.be\/index.php\/product\/tecnifibre-xr3-200m\/","title":{"rendered":"Tecnifibre XR3 200M"},"content":{"rendered":"<p>Le cordage Tecnifibre XR3 est compos\u00e9 d&#8217;une \u00e2me centrale de 3 brins de polyester pour offrir un\u00a0<strong>gain en contr\u00f4le et r\u00e9sistance<\/strong>. Bien qu&#8217;il y ait des brins de polyester, ce cordage reste puissant avec une certaine fermet\u00e9 qu&#8217;appr\u00e9cierons les frappeurs.<\/p>\n<p>Le cordage Tecnifibre XR3 est destin\u00e9 aux joueurs qui jouent en monofilament et souhaitent passer sur une corde plus confortable sans sacrifier les sensations du mono. Mais \u00e9galement aux jeunes joueurs qui veulent plus de r\u00e9activit\u00e9 et puissance dans leur multifilament! Dans cette situation, vous aurez ainsi le cordage qui apporte le meilleur ratio puissance\/r\u00e9sistance\/confort.<\/p>\n<p>Il conviendra \u00e0 un large panel de joueur allant du d\u00e9fenseur \u00e0 l&#8217;attaquant. Cependant, la r\u00e9activit\u00e9 de cette corde est fortement appr\u00e9ci\u00e9e par les frappeurs.<\/p>\n","protected":false},"excerpt":{"rendered":"<p>Le cordage Tecnifibre XR3 est compos\u00e9 d&#8217;une \u00e2me centrale de 3 brins de polyester pour offrir un\u00a0gain en contr\u00f4le et r\u00e9sistance. Bien qu&#8217;il y ait des brins de polyester, ce cordage reste puissant avec une certaine fermet\u00e9 qu&#8217;appr\u00e9cierons les frappeurs. Le cordage Tecnifibre XR3 est destin\u00e9 aux joueurs qui jouent en monofilament et souhaitent passer [&hellip;]<\/p>\n","protected":false},"featured_media":95641,"comment_status":"open","ping_status":"closed","template":"","meta":[],"product_cat":[108],"product_tag":[],"_links":{"self":[{"href":"https:\/\/www.sport4club.be\/index.php\/wp-json\/wp\/v2\/product\/95640"}],"collection":[{"href":"https:\/\/www.sport4club.be\/index.php\/wp-json\/wp\/v2\/product"}],"about":[{"href":"https:\/\/www.sport4club.be\/index.php\/wp-json\/wp\/v2\/types\/product"}],"replies":[{"embeddable":true,"href":"https:\/\/www.sport4club.be\/index.php\/wp-json\/wp\/v2\/comments?post=95640"}],"wp:featuredmedia":[{"embeddable":true,"href":"https:\/\/www.sport4club.be\/index.php\/wp-json\/wp\/v2\/media\/95641"}],"wp:attachment":[{"href":"https:\/\/www.sport4club.be\/index.php\/wp-json\/wp\/v2\/media?parent=95640"}],"wp:term":[{"taxonomy":"product_cat","embeddable":true,"href":"https:\/\/www.sport4club.be\/index.php\/wp-json\/wp\/v2\/product_cat?post=95640"},{"taxonomy":"product_tag","embeddable":true,"href":"https:\/\/www.sport4club.be\/index.php\/wp-json\/wp\/v2\/product_tag?post=95640"}],"curies":[{"name":"wp","href":"https:\/\/api.w.org\/{rel}","templated":true}]}}