{"id":95623,"date":"2020-02-16T13:07:51","date_gmt":"2020-02-16T12:07:51","guid":{"rendered":"https:\/\/www.sport4club.be\/?post_type=product&#038;p=95623"},"modified":"2023-11-04T09:51:56","modified_gmt":"2023-11-04T08:51:56","slug":"tecnifibre-multifeel-200m","status":"publish","type":"product","link":"https:\/\/www.sport4club.be\/index.php\/product\/tecnifibre-multifeel-200m\/","title":{"rendered":"Tecnifibre Multifeel 200M"},"content":{"rendered":"<p>Avec le cordage multifilament\u00a0<strong>Multifeel<\/strong>, Tecnifibre propose un cordage puissant et ultra confortable \u00e0 un prix tr\u00e8s interressant.<\/p>\n<p>Son enveloppe ext\u00e9rieure en PU 400 offre \u00e9lasticit\u00e9 et r\u00e9pulsion pour un confort maximal et une vitesse de balle importante.<\/p>\n<p>Son multi coeur en polyamide assure une excellente durabilit\u00e9.<\/p>\n","protected":false},"excerpt":{"rendered":"<p>Avec le cordage multifilament\u00a0Multifeel, Tecnifibre propose un cordage puissant et ultra confortable \u00e0 un prix tr\u00e8s interressant. Son enveloppe ext\u00e9rieure en PU 400 offre \u00e9lasticit\u00e9 et r\u00e9pulsion pour un confort maximal et une vitesse de balle importante. Son multi coeur en polyamide assure une excellente durabilit\u00e9.<\/p>\n","protected":false},"featured_media":112418,"comment_status":"open","ping_status":"closed","template":"","meta":[],"product_cat":[108],"product_tag":[],"_links":{"self":[{"href":"https:\/\/www.sport4club.be\/index.php\/wp-json\/wp\/v2\/product\/95623"}],"collection":[{"href":"https:\/\/www.sport4club.be\/index.php\/wp-json\/wp\/v2\/product"}],"about":[{"href":"https:\/\/www.sport4club.be\/index.php\/wp-json\/wp\/v2\/types\/product"}],"replies":[{"embeddable":true,"href":"https:\/\/www.sport4club.be\/index.php\/wp-json\/wp\/v2\/comments?post=95623"}],"wp:featuredmedia":[{"embeddable":true,"href":"https:\/\/www.sport4club.be\/index.php\/wp-json\/wp\/v2\/media\/112418"}],"wp:attachment":[{"href":"https:\/\/www.sport4club.be\/index.php\/wp-json\/wp\/v2\/media?parent=95623"}],"wp:term":[{"taxonomy":"product_cat","embeddable":true,"href":"https:\/\/www.sport4club.be\/index.php\/wp-json\/wp\/v2\/product_cat?post=95623"},{"taxonomy":"product_tag","embeddable":true,"href":"https:\/\/www.sport4club.be\/index.php\/wp-json\/wp\/v2\/product_tag?post=95623"}],"curies":[{"name":"wp","href":"https:\/\/api.w.org\/{rel}","templated":true}]}}