{"id":95590,"date":"2020-02-16T12:03:29","date_gmt":"2020-02-16T11:03:29","guid":{"rendered":"https:\/\/www.sport4club.be\/?post_type=product&#038;p=95590"},"modified":"2023-11-04T10:20:28","modified_gmt":"2023-11-04T09:20:28","slug":"tecnifibre-x-one-biphase-200m","status":"publish","type":"product","link":"https:\/\/www.sport4club.be\/index.php\/product\/tecnifibre-x-one-biphase-200m\/","title":{"rendered":"Tecnifibre X-ONE Biphase 200M"},"content":{"rendered":"<p>Le cordage Tecnifibre X One Biphase est un multifilament tr\u00e8s haut de gamme! Il assure une grande r\u00e9activit\u00e9 \u00e0 la frappe ainsi qu&#8217;un tr\u00e8s bon confort.<\/p>\n<p>Son traitement Biphase lui conf\u00e8re une tenue de tension exceptionnelle pour un mulitiflament.<\/p>\n<p>Le cordage Tecnifibre X One Biphase est un multifilament tr\u00e8s haut de gamme! Il assure une grande r\u00e9activit\u00e9 \u00e0 la frappe ainsi qu&#8217;un tr\u00e8s bon confort.<\/p>\n<p>Son traitement Biphase lui conf\u00e8re une tenue de tension exceptionnelle pour un mulitiflament.<\/p>\n<p>Le cordage Tecnifibre X one Biphase est destin\u00e9\u00a0 aux joueurs qui souhaitent le meilleur compromis entre puissance, contr\u00f4le et tenue de tension. Mais \u00e9galement aux joueurs sujet au tennis elbow souhaitant un cordage haut de gamme!<\/p>\n<p>Il conviendra \u00e0 un large panel de joueur allant du d\u00e9fenseur \u00e0 l&#8217;attaquant. Cependant, la puissance de cette corde est fortement appr\u00e9ci\u00e9e par les d\u00e9fenseurs et les contre attaquants.<\/p>\n<p>Nous conseillons le cordage Tecnifibre X one Biphase aux joueurs qui souhaitent le meilleur compromis entre puissance, contr\u00f4le et tenue de tension. Mais \u00e9galement aux joueurs sujet au tennis elbow souhaitant un cordage haut de gamme!<\/p>\n<p>&nbsp;<\/p>\n","protected":false},"excerpt":{"rendered":"<p>Le cordage Tecnifibre X One Biphase est un multifilament tr\u00e8s haut de gamme! Il assure une grande r\u00e9activit\u00e9 \u00e0 la frappe ainsi qu&#8217;un tr\u00e8s bon confort. Son traitement Biphase lui conf\u00e8re une tenue de tension exceptionnelle pour un mulitiflament. Le cordage Tecnifibre X One Biphase est un multifilament tr\u00e8s haut de gamme! Il assure une [&hellip;]<\/p>\n","protected":false},"featured_media":95591,"comment_status":"open","ping_status":"closed","template":"","meta":[],"product_cat":[108],"product_tag":[],"_links":{"self":[{"href":"https:\/\/www.sport4club.be\/index.php\/wp-json\/wp\/v2\/product\/95590"}],"collection":[{"href":"https:\/\/www.sport4club.be\/index.php\/wp-json\/wp\/v2\/product"}],"about":[{"href":"https:\/\/www.sport4club.be\/index.php\/wp-json\/wp\/v2\/types\/product"}],"replies":[{"embeddable":true,"href":"https:\/\/www.sport4club.be\/index.php\/wp-json\/wp\/v2\/comments?post=95590"}],"wp:featuredmedia":[{"embeddable":true,"href":"https:\/\/www.sport4club.be\/index.php\/wp-json\/wp\/v2\/media\/95591"}],"wp:attachment":[{"href":"https:\/\/www.sport4club.be\/index.php\/wp-json\/wp\/v2\/media?parent=95590"}],"wp:term":[{"taxonomy":"product_cat","embeddable":true,"href":"https:\/\/www.sport4club.be\/index.php\/wp-json\/wp\/v2\/product_cat?post=95590"},{"taxonomy":"product_tag","embeddable":true,"href":"https:\/\/www.sport4club.be\/index.php\/wp-json\/wp\/v2\/product_tag?post=95590"}],"curies":[{"name":"wp","href":"https:\/\/api.w.org\/{rel}","templated":true}]}}