{"id":95578,"date":"2020-02-16T11:47:20","date_gmt":"2020-02-16T10:47:20","guid":{"rendered":"https:\/\/www.sport4club.be\/?post_type=product&#038;p=95578"},"modified":"2023-11-04T09:43:19","modified_gmt":"2023-11-04T08:43:19","slug":"tecnifibre-hdmx-200m","status":"publish","type":"product","link":"https:\/\/www.sport4club.be\/index.php\/product\/tecnifibre-hdmx-200m\/","title":{"rendered":"Tecnifibre HDMX 200M"},"content":{"rendered":"<p>Gr\u00e2ce \u00e0 sa nouvelle technologie Hybrid 3D, le cordage Tecnifibre HDMX est un cordage 3 en 1 !<\/p>\n<p>Qu&#8217;est ce que Tecnifibre cache derri\u00e8re cette technologie ? L&#8217;\u00e2me du cordage est compos\u00e9 de brins de\u00a0<strong>polyester<\/strong>\u00a0pour apporter plus de contr\u00f4le et de r\u00e9sistance + des fibres de\u00a0<strong>polyamide<\/strong>\u00a0(qui apportent de la puissance, mat\u00e9riau utilis\u00e9 pour les multifilaments) et recouvert d&#8217;un couche de\u00a0<strong>PU<\/strong>\u00a0pour offrir plus de confort.<\/p>\n<p>Profitez ainsi des avantages des diff\u00e9rents types de cordages dans une seule corde !<\/p>\n<p>Le cordage <strong>Tecnifibre HDMX<\/strong> est destin\u00e9 aux joueurs qui jouent en monofilament et souhaitent passer sur une corde plus confortable sans sacrifier les sensations du mono. Il est parfait \u00e9galeent pour les jeunes joueurs qui cassent trop rapidement les multis et dont les parents souhaitent une plus grande durabilit\u00e9 ! Dans cette situation, vous aurez le cordage le plus confortable et le plus r\u00e9sistant actuellement sur le march\u00e9.<\/p>\n<p>Il peut convenir \u00e0 tous les types de jeu car cette corde est assez polyvalente. M\u00eame si vous ne frappez pas assez fort dans la balle, ce cordage reste assez nerveux! Et inversement si vous frappez assez fort dans la balle, le contr\u00f4le sera pr\u00e9sent.<\/p>\n","protected":false},"excerpt":{"rendered":"<p>Gr\u00e2ce \u00e0 sa nouvelle technologie Hybrid 3D, le cordage Tecnifibre HDMX est un cordage 3 en 1 ! Qu&#8217;est ce que Tecnifibre cache derri\u00e8re cette technologie ? L&#8217;\u00e2me du cordage est compos\u00e9 de brins de\u00a0polyester\u00a0pour apporter plus de contr\u00f4le et de r\u00e9sistance + des fibres de\u00a0polyamide\u00a0(qui apportent de la puissance, mat\u00e9riau utilis\u00e9 pour les multifilaments) [&hellip;]<\/p>\n","protected":false},"featured_media":95579,"comment_status":"open","ping_status":"closed","template":"","meta":[],"product_cat":[108],"product_tag":[],"_links":{"self":[{"href":"https:\/\/www.sport4club.be\/index.php\/wp-json\/wp\/v2\/product\/95578"}],"collection":[{"href":"https:\/\/www.sport4club.be\/index.php\/wp-json\/wp\/v2\/product"}],"about":[{"href":"https:\/\/www.sport4club.be\/index.php\/wp-json\/wp\/v2\/types\/product"}],"replies":[{"embeddable":true,"href":"https:\/\/www.sport4club.be\/index.php\/wp-json\/wp\/v2\/comments?post=95578"}],"wp:featuredmedia":[{"embeddable":true,"href":"https:\/\/www.sport4club.be\/index.php\/wp-json\/wp\/v2\/media\/95579"}],"wp:attachment":[{"href":"https:\/\/www.sport4club.be\/index.php\/wp-json\/wp\/v2\/media?parent=95578"}],"wp:term":[{"taxonomy":"product_cat","embeddable":true,"href":"https:\/\/www.sport4club.be\/index.php\/wp-json\/wp\/v2\/product_cat?post=95578"},{"taxonomy":"product_tag","embeddable":true,"href":"https:\/\/www.sport4club.be\/index.php\/wp-json\/wp\/v2\/product_tag?post=95578"}],"curies":[{"name":"wp","href":"https:\/\/api.w.org\/{rel}","templated":true}]}}