{"id":95563,"date":"2020-02-16T11:18:30","date_gmt":"2020-02-16T10:18:30","guid":{"rendered":"https:\/\/www.sport4club.be\/?post_type=product&#038;p=95563"},"modified":"2023-11-04T09:46:03","modified_gmt":"2023-11-04T08:46:03","slug":"tecnifibre-ice-code-200m","status":"publish","type":"product","link":"https:\/\/www.sport4club.be\/index.php\/product\/tecnifibre-ice-code-200m\/","title":{"rendered":"Tecnifibre Ice Code 200M"},"content":{"rendered":"<p>Le Ice Code est le dernier n\u00e9 de la gamme monofilament Tecnifibre. Il offre un niveau de puissance et de confort jamais vu chez la firme Fran\u00e7aise pour ce type de cordage.<\/p>\n<p>Souple, le cordage Ice Code offre un temps de contact balle \/ cordage tr\u00e8s long id\u00e9al pour les joueurs qui aiment sentir la balle d&#8217;enfoncer dans le cordage pour un maximum de confort. Son profil de monofilament rond offre au cordage Ice Code de bonnes sensations de toucher mais ne s&#8217;adresse pas aux joueurs recherchant un maximum de prise d&#8217;effet (pour le confort, la puissance et la prise d&#8217;effet, orientez vous vers le BLACK CODE).<\/p>\n<p>Son excellent rendement permet au cordage Tecnifibre Ice Code de s&#8217;adresser aussi bien au comp\u00e9titeur avanc\u00e9, \u00e0 la recherche d&#8217;un cordage puissant et offrant de bonnes sensations pour dynamiser une raquette typ\u00e9e contr\u00f4le (petit tamis, plan de cordage serr\u00e9), qu&#8217;\u00e0 un jeune joueur souhaitant passer du multi au mono.<\/p>\n","protected":false},"excerpt":{"rendered":"<p>Le Ice Code est le dernier n\u00e9 de la gamme monofilament Tecnifibre. Il offre un niveau de puissance et de confort jamais vu chez la firme Fran\u00e7aise pour ce type de cordage. Souple, le cordage Ice Code offre un temps de contact balle \/ cordage tr\u00e8s long id\u00e9al pour les joueurs qui aiment sentir la [&hellip;]<\/p>\n","protected":false},"featured_media":95564,"comment_status":"open","ping_status":"closed","template":"","meta":[],"product_cat":[108],"product_tag":[],"_links":{"self":[{"href":"https:\/\/www.sport4club.be\/index.php\/wp-json\/wp\/v2\/product\/95563"}],"collection":[{"href":"https:\/\/www.sport4club.be\/index.php\/wp-json\/wp\/v2\/product"}],"about":[{"href":"https:\/\/www.sport4club.be\/index.php\/wp-json\/wp\/v2\/types\/product"}],"replies":[{"embeddable":true,"href":"https:\/\/www.sport4club.be\/index.php\/wp-json\/wp\/v2\/comments?post=95563"}],"wp:featuredmedia":[{"embeddable":true,"href":"https:\/\/www.sport4club.be\/index.php\/wp-json\/wp\/v2\/media\/95564"}],"wp:attachment":[{"href":"https:\/\/www.sport4club.be\/index.php\/wp-json\/wp\/v2\/media?parent=95563"}],"wp:term":[{"taxonomy":"product_cat","embeddable":true,"href":"https:\/\/www.sport4club.be\/index.php\/wp-json\/wp\/v2\/product_cat?post=95563"},{"taxonomy":"product_tag","embeddable":true,"href":"https:\/\/www.sport4club.be\/index.php\/wp-json\/wp\/v2\/product_tag?post=95563"}],"curies":[{"name":"wp","href":"https:\/\/api.w.org\/{rel}","templated":true}]}}