{"id":94611,"date":"2020-02-02T19:53:33","date_gmt":"2020-02-02T18:53:33","guid":{"rendered":"https:\/\/www.sport4club.be\/?post_type=product&#038;p=94611"},"modified":"2025-05-21T09:57:12","modified_gmt":"2025-05-21T07:57:12","slug":"babolat-flag-damp-50-pces","status":"publish","type":"product","link":"https:\/\/www.sport4club.be\/index.php\/product\/babolat-flag-damp-50-pces\/","title":{"rendered":"Babolat Flag Damp (50 pces)"},"content":{"rendered":"<p>Antivibrateur logo Babolat !<\/p>\n<p>Il permet de r\u00e9duite sensiblement les vibrations afin de prot\u00e9ger votre bras.<\/p>\n<p>De plus il ne d\u00e9nature pas le son de votre raquette.<\/p>\n<p>Vendu par 50 dans sa bo\u00eete pour un maximum d&#8217;\u00e9conomies !<\/p>\n","protected":false},"excerpt":{"rendered":"<p>Antivibrateur logo Babolat ! Il permet de r\u00e9duite sensiblement les vibrations afin de prot\u00e9ger votre bras. De plus il ne d\u00e9nature pas le son de votre raquette. Vendu par 50 dans sa bo\u00eete pour un maximum d&#8217;\u00e9conomies !<\/p>\n","protected":false},"featured_media":94612,"comment_status":"open","ping_status":"closed","template":"","meta":[],"product_cat":[119],"product_tag":[],"_links":{"self":[{"href":"https:\/\/www.sport4club.be\/index.php\/wp-json\/wp\/v2\/product\/94611"}],"collection":[{"href":"https:\/\/www.sport4club.be\/index.php\/wp-json\/wp\/v2\/product"}],"about":[{"href":"https:\/\/www.sport4club.be\/index.php\/wp-json\/wp\/v2\/types\/product"}],"replies":[{"embeddable":true,"href":"https:\/\/www.sport4club.be\/index.php\/wp-json\/wp\/v2\/comments?post=94611"}],"wp:featuredmedia":[{"embeddable":true,"href":"https:\/\/www.sport4club.be\/index.php\/wp-json\/wp\/v2\/media\/94612"}],"wp:attachment":[{"href":"https:\/\/www.sport4club.be\/index.php\/wp-json\/wp\/v2\/media?parent=94611"}],"wp:term":[{"taxonomy":"product_cat","embeddable":true,"href":"https:\/\/www.sport4club.be\/index.php\/wp-json\/wp\/v2\/product_cat?post=94611"},{"taxonomy":"product_tag","embeddable":true,"href":"https:\/\/www.sport4club.be\/index.php\/wp-json\/wp\/v2\/product_tag?post=94611"}],"curies":[{"name":"wp","href":"https:\/\/api.w.org\/{rel}","templated":true}]}}