{"id":93985,"date":"2020-01-27T10:33:14","date_gmt":"2020-01-27T09:33:14","guid":{"rendered":"https:\/\/www.sport4club.be\/?post_type=product&#038;p=93985"},"modified":"2024-06-14T08:42:19","modified_gmt":"2024-06-14T06:42:19","slug":"msv-focus-hex-200m","status":"publish","type":"product","link":"https:\/\/www.sport4club.be\/index.php\/product\/msv-focus-hex-200m\/","title":{"rendered":"MSV Focus Hex Noir 200M"},"content":{"rendered":"<p>Le cordage de tennis MSV Focus HEX est un cordage de forme hexagonale qui apporte une accroche de balle suppl\u00e9mentaire ainsi qu&#8217;un tr\u00e8s bon contr\u00f4le de balle. Gagnant de plusieurs concours, le cordage MSV Focus Hex est devenu un produit phare de la gamme MSV.<\/p>\n<p>La tenue de tension est \u00e9galement excellente. Cependant, il faut faire tr\u00e8s attention \u00e0 la rigidit\u00e9 du cordage MSV Focus Hex. Il est pr\u00e9f\u00e9rable de baisser la tension de 2 \u00e0 3 kilos par rapport \u00e0 un autre monofilament classique pour profiter un maximum des qualit\u00e9s du MSV Focus Hex.<\/p>\n<p>Comme les faces se superposent, le temps de contact est plus long, ce qui permet de privil\u00e9gier le contr\u00f4le de balle. Alli\u00e9 \u00e0 sa grande rigidit\u00e9, le contr\u00f4le est ainsi tr\u00e8s pr\u00e9sent.<\/p>\n","protected":false},"excerpt":{"rendered":"<p>Le cordage de tennis MSV Focus HEX est un cordage de forme hexagonale qui apporte une accroche de balle suppl\u00e9mentaire ainsi qu&#8217;un tr\u00e8s bon contr\u00f4le de balle. Gagnant de plusieurs concours, le cordage MSV Focus Hex est devenu un produit phare de la gamme MSV. La tenue de tension est \u00e9galement excellente. Cependant, il faut [&hellip;]<\/p>\n","protected":false},"featured_media":93986,"comment_status":"open","ping_status":"closed","template":"","meta":[],"product_cat":[108],"product_tag":[],"_links":{"self":[{"href":"https:\/\/www.sport4club.be\/index.php\/wp-json\/wp\/v2\/product\/93985"}],"collection":[{"href":"https:\/\/www.sport4club.be\/index.php\/wp-json\/wp\/v2\/product"}],"about":[{"href":"https:\/\/www.sport4club.be\/index.php\/wp-json\/wp\/v2\/types\/product"}],"replies":[{"embeddable":true,"href":"https:\/\/www.sport4club.be\/index.php\/wp-json\/wp\/v2\/comments?post=93985"}],"wp:featuredmedia":[{"embeddable":true,"href":"https:\/\/www.sport4club.be\/index.php\/wp-json\/wp\/v2\/media\/93986"}],"wp:attachment":[{"href":"https:\/\/www.sport4club.be\/index.php\/wp-json\/wp\/v2\/media?parent=93985"}],"wp:term":[{"taxonomy":"product_cat","embeddable":true,"href":"https:\/\/www.sport4club.be\/index.php\/wp-json\/wp\/v2\/product_cat?post=93985"},{"taxonomy":"product_tag","embeddable":true,"href":"https:\/\/www.sport4club.be\/index.php\/wp-json\/wp\/v2\/product_tag?post=93985"}],"curies":[{"name":"wp","href":"https:\/\/api.w.org\/{rel}","templated":true}]}}