{"id":93935,"date":"2020-01-26T12:48:24","date_gmt":"2020-01-26T11:48:24","guid":{"rendered":"https:\/\/www.sport4club.be\/?post_type=product&#038;p=93935"},"modified":"2021-01-05T16:21:05","modified_gmt":"2021-01-05T15:21:05","slug":"adidas-protector-tape","status":"publish","type":"product","link":"https:\/\/www.sport4club.be\/index.php\/product\/adidas-protector-tape\/","title":{"rendered":"Adidas Protector Tape"},"content":{"rendered":"<p>Prot\u00e9gez au maximum votre raquette avec le PROTECTOR TAPE 3M. Ce Tape Protector adh\u00e9sif, l\u00e9ger et r\u00e9sistant prot\u00e9gera votre raquette dans toutes les situations de jeu.<\/p>\n<p>DIMENSIONS: 37 cm X 3,6 cm X 0,5 mm<br \/>\nCOULEUR : Noir ou Transparent<br \/>\nUNIT\u00c9: 1<\/p>\n<p>LONGUE DUR\u00c9E<br \/>\nLes mat\u00e9riaux utilis\u00e9s permettent son utilisation prolong\u00e9e.<\/p>\n<p>CONFORT<br \/>\nFacile \u00e0 installer gr\u00e2ce \u00e0 sa colle 3M.<\/p>\n<p>RESISTANCE<br \/>\nMat\u00e9riaux de qualit\u00e9 r\u00e9sistants au contact abrasif avec la piste.<\/p>\n","protected":false},"excerpt":{"rendered":"<p>Prot\u00e9gez au maximum votre raquette avec le PROTECTOR TAPE 3M. Ce Tape Protector adh\u00e9sif, l\u00e9ger et r\u00e9sistant prot\u00e9gera votre raquette dans toutes les situations de jeu. DIMENSIONS: 37 cm X 3,6 cm X 0,5 mm COULEUR : Noir ou Transparent UNIT\u00c9: 1 LONGUE DUR\u00c9E Les mat\u00e9riaux utilis\u00e9s permettent son utilisation prolong\u00e9e. CONFORT Facile \u00e0 installer [&hellip;]<\/p>\n","protected":false},"featured_media":93936,"comment_status":"open","ping_status":"closed","template":"","meta":[],"product_cat":[87],"product_tag":[],"_links":{"self":[{"href":"https:\/\/www.sport4club.be\/index.php\/wp-json\/wp\/v2\/product\/93935"}],"collection":[{"href":"https:\/\/www.sport4club.be\/index.php\/wp-json\/wp\/v2\/product"}],"about":[{"href":"https:\/\/www.sport4club.be\/index.php\/wp-json\/wp\/v2\/types\/product"}],"replies":[{"embeddable":true,"href":"https:\/\/www.sport4club.be\/index.php\/wp-json\/wp\/v2\/comments?post=93935"}],"wp:featuredmedia":[{"embeddable":true,"href":"https:\/\/www.sport4club.be\/index.php\/wp-json\/wp\/v2\/media\/93936"}],"wp:attachment":[{"href":"https:\/\/www.sport4club.be\/index.php\/wp-json\/wp\/v2\/media?parent=93935"}],"wp:term":[{"taxonomy":"product_cat","embeddable":true,"href":"https:\/\/www.sport4club.be\/index.php\/wp-json\/wp\/v2\/product_cat?post=93935"},{"taxonomy":"product_tag","embeddable":true,"href":"https:\/\/www.sport4club.be\/index.php\/wp-json\/wp\/v2\/product_tag?post=93935"}],"curies":[{"name":"wp","href":"https:\/\/api.w.org\/{rel}","templated":true}]}}