{"id":93917,"date":"2020-01-26T12:27:32","date_gmt":"2020-01-26T11:27:32","guid":{"rendered":"https:\/\/www.sport4club.be\/?post_type=product&#038;p=93917"},"modified":"2021-01-05T16:20:03","modified_gmt":"2021-01-05T15:20:03","slug":"adidas-overgrips-fluo-box-45-pces","status":"publish","type":"product","link":"https:\/\/www.sport4club.be\/index.php\/product\/adidas-overgrips-fluo-box-45-pces\/","title":{"rendered":"Adidas Overgrips Fluo (Box 45 pces)"},"content":{"rendered":"<p>Grande adh\u00e9rence avec une forte absorption de la sueur et de l\u2019eau dans les surgrips micro perfor\u00e9s. Un confort maximum et un toucher doux qui g\u00e9n\u00e8rent une excellente sensation d\u2019adh\u00e9rence.<\/p>\n<p>DIMENSIONS: 100 cm X 2,5 cm X 0,75 mm<br \/>\nCOULEUR: Orange\/Jaune\/Rose<\/p>\n<p>LONGUE DUR\u00c9E<br \/>\nLes mat\u00e9riaux utilis\u00e9s permettent son utilisation prolong\u00e9e.<\/p>\n<p>CONFORT<br \/>\nToucher doux et capitonn\u00e9.<\/p>\n<p>RESISTANCE<br \/>\nMat\u00e9riaux de haute qualit\u00e9 pour le contact avec notre main<\/p>\n","protected":false},"excerpt":{"rendered":"<p>Grande adh\u00e9rence avec une forte absorption de la sueur et de l\u2019eau dans les surgrips micro perfor\u00e9s. Un confort maximum et un toucher doux qui g\u00e9n\u00e8rent une excellente sensation d\u2019adh\u00e9rence. DIMENSIONS: 100 cm X 2,5 cm X 0,75 mm COULEUR: Orange\/Jaune\/Rose LONGUE DUR\u00c9E Les mat\u00e9riaux utilis\u00e9s permettent son utilisation prolong\u00e9e. CONFORT Toucher doux et capitonn\u00e9. [&hellip;]<\/p>\n","protected":false},"featured_media":93918,"comment_status":"open","ping_status":"closed","template":"","meta":[],"product_cat":[87],"product_tag":[],"_links":{"self":[{"href":"https:\/\/www.sport4club.be\/index.php\/wp-json\/wp\/v2\/product\/93917"}],"collection":[{"href":"https:\/\/www.sport4club.be\/index.php\/wp-json\/wp\/v2\/product"}],"about":[{"href":"https:\/\/www.sport4club.be\/index.php\/wp-json\/wp\/v2\/types\/product"}],"replies":[{"embeddable":true,"href":"https:\/\/www.sport4club.be\/index.php\/wp-json\/wp\/v2\/comments?post=93917"}],"wp:featuredmedia":[{"embeddable":true,"href":"https:\/\/www.sport4club.be\/index.php\/wp-json\/wp\/v2\/media\/93918"}],"wp:attachment":[{"href":"https:\/\/www.sport4club.be\/index.php\/wp-json\/wp\/v2\/media?parent=93917"}],"wp:term":[{"taxonomy":"product_cat","embeddable":true,"href":"https:\/\/www.sport4club.be\/index.php\/wp-json\/wp\/v2\/product_cat?post=93917"},{"taxonomy":"product_tag","embeddable":true,"href":"https:\/\/www.sport4club.be\/index.php\/wp-json\/wp\/v2\/product_tag?post=93917"}],"curies":[{"name":"wp","href":"https:\/\/api.w.org\/{rel}","templated":true}]}}