{"id":93899,"date":"2020-01-26T11:45:34","date_gmt":"2020-01-26T10:45:34","guid":{"rendered":"https:\/\/www.sport4club.be\/?post_type=product&#038;p=93899"},"modified":"2021-01-05T16:23:44","modified_gmt":"2021-01-05T15:23:44","slug":"adidas-accesory-bag-2-0","status":"publish","type":"product","link":"https:\/\/www.sport4club.be\/index.php\/product\/adidas-accesory-bag-2-0\/","title":{"rendered":"Adidas Accesory Bag 2.0"},"content":{"rendered":"<p>Le nouveau ACCESORY BAG s\u2019adresse aux joueurs soucieux du d\u00e9tail. Il est dot\u00e9 d\u2019un compartiment central pour transporter vos prot\u00e8ge-poignets, vos balles, vos casquettes et vos effets personnels.<\/p>\n<p>FACILIT\u00c9 DE TRANSPORT<br \/>\nTaille r\u00e9duite, con\u00e7u pour tenir dans tous nos sacs.<br \/>\nCAPACIT\u00c9<br \/>\nCompartiment central unique.<br \/>\nR\u00c9SISTANCE<br \/>\nDes finitions de qualit\u00e9 et une grande durabilit\u00e9 pour une utilisation habituelle.<\/p>\n<p>DIMENSIONS\u00a0: 25x12x13cm<br \/>\n100\u00a0% POLYESTER<br \/>\nCouleur\u00a0: Jaune\/noir et Orange\/noir<\/p>\n","protected":false},"excerpt":{"rendered":"<p>Le nouveau ACCESORY BAG s\u2019adresse aux joueurs soucieux du d\u00e9tail. Il est dot\u00e9 d\u2019un compartiment central pour transporter vos prot\u00e8ge-poignets, vos balles, vos casquettes et vos effets personnels. FACILIT\u00c9 DE TRANSPORT Taille r\u00e9duite, con\u00e7u pour tenir dans tous nos sacs. CAPACIT\u00c9 Compartiment central unique. R\u00c9SISTANCE Des finitions de qualit\u00e9 et une grande durabilit\u00e9 pour une [&hellip;]<\/p>\n","protected":false},"featured_media":93900,"comment_status":"open","ping_status":"closed","template":"","meta":[],"product_cat":[89],"product_tag":[],"_links":{"self":[{"href":"https:\/\/www.sport4club.be\/index.php\/wp-json\/wp\/v2\/product\/93899"}],"collection":[{"href":"https:\/\/www.sport4club.be\/index.php\/wp-json\/wp\/v2\/product"}],"about":[{"href":"https:\/\/www.sport4club.be\/index.php\/wp-json\/wp\/v2\/types\/product"}],"replies":[{"embeddable":true,"href":"https:\/\/www.sport4club.be\/index.php\/wp-json\/wp\/v2\/comments?post=93899"}],"wp:featuredmedia":[{"embeddable":true,"href":"https:\/\/www.sport4club.be\/index.php\/wp-json\/wp\/v2\/media\/93900"}],"wp:attachment":[{"href":"https:\/\/www.sport4club.be\/index.php\/wp-json\/wp\/v2\/media?parent=93899"}],"wp:term":[{"taxonomy":"product_cat","embeddable":true,"href":"https:\/\/www.sport4club.be\/index.php\/wp-json\/wp\/v2\/product_cat?post=93899"},{"taxonomy":"product_tag","embeddable":true,"href":"https:\/\/www.sport4club.be\/index.php\/wp-json\/wp\/v2\/product_tag?post=93899"}],"curies":[{"name":"wp","href":"https:\/\/api.w.org\/{rel}","templated":true}]}}