{"id":93883,"date":"2020-01-26T11:22:37","date_gmt":"2020-01-26T10:22:37","guid":{"rendered":"https:\/\/www.sport4club.be\/?post_type=product&#038;p=93883"},"modified":"2021-01-05T16:31:08","modified_gmt":"2021-01-05T15:31:08","slug":"adidas-weekend-bag-2-0","status":"publish","type":"product","link":"https:\/\/www.sport4club.be\/index.php\/product\/adidas-weekend-bag-2-0\/","title":{"rendered":"Adidas Weekend Bag 2.0"},"content":{"rendered":"<p>Le nouveau WEEKEND BAG 2.0 sera l&#8217;accessoire parfait de vos matchs de padel. Ce sac est dot\u00e9 d\u2019un grand compartiment central et d\u2019un compartiment sp\u00e9cifique pour votre raquette, en plus de plusieurs poches sur les c\u00f4t\u00e9s pour y glisser de petits objets. Donnez du style \u00e0 vos matchs gr\u00e2ce \u00e0 ce nouveau sac.<\/p>\n<p>FACILIT\u00c9 DE TRANSPORT<br \/>\nVous pouvez porter ce sac \u00e0 l\u2019\u00e9paule ou en le tenant par les poign\u00e9es.<br \/>\nCAPACIT\u00c9<br \/>\nGrand compartiment central pour toutes sortes d\u2019accessoires et compartiment sp\u00e9cifique pour la raquette.<br \/>\nR\u00c9SISTANCE<br \/>\nDes mat\u00e9riaux imperm\u00e9ables, des finitions de qualit\u00e9 et une grande durabilit\u00e9 pour une utilisation habituelle.<\/p>\n<p>DIMENSIONS\u00a0: 42x18x53cm<br \/>\n100\u00a0% POLYESTER<br \/>\nImperm\u00e9able<br \/>\nCouleurs\u00a0: Noir et blanc<\/p>\n","protected":false},"excerpt":{"rendered":"<p>Le nouveau WEEKEND BAG 2.0 sera l&#8217;accessoire parfait de vos matchs de padel. Ce sac est dot\u00e9 d\u2019un grand compartiment central et d\u2019un compartiment sp\u00e9cifique pour votre raquette, en plus de plusieurs poches sur les c\u00f4t\u00e9s pour y glisser de petits objets. Donnez du style \u00e0 vos matchs gr\u00e2ce \u00e0 ce nouveau sac. FACILIT\u00c9 DE [&hellip;]<\/p>\n","protected":false},"featured_media":93884,"comment_status":"open","ping_status":"closed","template":"","meta":[],"product_cat":[89],"product_tag":[],"_links":{"self":[{"href":"https:\/\/www.sport4club.be\/index.php\/wp-json\/wp\/v2\/product\/93883"}],"collection":[{"href":"https:\/\/www.sport4club.be\/index.php\/wp-json\/wp\/v2\/product"}],"about":[{"href":"https:\/\/www.sport4club.be\/index.php\/wp-json\/wp\/v2\/types\/product"}],"replies":[{"embeddable":true,"href":"https:\/\/www.sport4club.be\/index.php\/wp-json\/wp\/v2\/comments?post=93883"}],"wp:featuredmedia":[{"embeddable":true,"href":"https:\/\/www.sport4club.be\/index.php\/wp-json\/wp\/v2\/media\/93884"}],"wp:attachment":[{"href":"https:\/\/www.sport4club.be\/index.php\/wp-json\/wp\/v2\/media?parent=93883"}],"wp:term":[{"taxonomy":"product_cat","embeddable":true,"href":"https:\/\/www.sport4club.be\/index.php\/wp-json\/wp\/v2\/product_cat?post=93883"},{"taxonomy":"product_tag","embeddable":true,"href":"https:\/\/www.sport4club.be\/index.php\/wp-json\/wp\/v2\/product_tag?post=93883"}],"curies":[{"name":"wp","href":"https:\/\/api.w.org\/{rel}","templated":true}]}}