{"id":93873,"date":"2020-01-26T11:11:33","date_gmt":"2020-01-26T10:11:33","guid":{"rendered":"https:\/\/www.sport4club.be\/?post_type=product&#038;p=93873"},"modified":"2020-11-11T11:01:34","modified_gmt":"2020-11-11T10:01:34","slug":"adidas-racketbag-control-2-0","status":"publish","type":"product","link":"https:\/\/www.sport4club.be\/index.php\/product\/adidas-racketbag-control-2-0\/","title":{"rendered":"Adidas Racketbag Control 2.0"},"content":{"rendered":"<p>Gr\u00e2ce au nouveau sac CONTROL 2.0 , vous pourrez transporter tout le n\u00e9cessaire lors de vos matchs de padel. Ce sac est dot\u00e9 d\u2019un compartiment central pour votre \u00e9quipement et vos v\u00eatements et d\u2019un compartiment sur le c\u00f4t\u00e9 pour ranger votre raquette ou vos effets personnels. Disponible en 3 couleurs.<\/p>\n<p>FACILIT\u00c9 DE TRANSPORT<br \/>\nPortez-le de plusieurs fa\u00e7ons. Vous pouvez porter ce sac comme un sac \u00e0 dos ou en le tenant par sa poign\u00e9e sup\u00e9rieure.<br \/>\nCAPACIT\u00c9<br \/>\nGrand compartiment central et sur le c\u00f4t\u00e9.<br \/>\nR\u00c9SISTANCE<br \/>\nDes mat\u00e9riaux imperm\u00e9ables, des finitions de qualit\u00e9 et une grande durabilit\u00e9 pour une utilisation habituelle.<\/p>\n<p>DIMENSIONS\u00a0: 55x28x27\u00a0cm<br \/>\nCAPACIT\u00c9\u00a0: 7 raquettes<br \/>\n100\u00a0% POLYESTER<br \/>\nImperm\u00e9able<br \/>\nCouleurs\u00a0: Bleu, Noir, Vert<\/p>\n","protected":false},"excerpt":{"rendered":"<p>Gr\u00e2ce au nouveau sac CONTROL 2.0 , vous pourrez transporter tout le n\u00e9cessaire lors de vos matchs de padel. Ce sac est dot\u00e9 d\u2019un compartiment central pour votre \u00e9quipement et vos v\u00eatements et d\u2019un compartiment sur le c\u00f4t\u00e9 pour ranger votre raquette ou vos effets personnels. Disponible en 3 couleurs. FACILIT\u00c9 DE TRANSPORT Portez-le de [&hellip;]<\/p>\n","protected":false},"featured_media":93874,"comment_status":"open","ping_status":"closed","template":"","meta":[],"product_cat":[89],"product_tag":[],"_links":{"self":[{"href":"https:\/\/www.sport4club.be\/index.php\/wp-json\/wp\/v2\/product\/93873"}],"collection":[{"href":"https:\/\/www.sport4club.be\/index.php\/wp-json\/wp\/v2\/product"}],"about":[{"href":"https:\/\/www.sport4club.be\/index.php\/wp-json\/wp\/v2\/types\/product"}],"replies":[{"embeddable":true,"href":"https:\/\/www.sport4club.be\/index.php\/wp-json\/wp\/v2\/comments?post=93873"}],"wp:featuredmedia":[{"embeddable":true,"href":"https:\/\/www.sport4club.be\/index.php\/wp-json\/wp\/v2\/media\/93874"}],"wp:attachment":[{"href":"https:\/\/www.sport4club.be\/index.php\/wp-json\/wp\/v2\/media?parent=93873"}],"wp:term":[{"taxonomy":"product_cat","embeddable":true,"href":"https:\/\/www.sport4club.be\/index.php\/wp-json\/wp\/v2\/product_cat?post=93873"},{"taxonomy":"product_tag","embeddable":true,"href":"https:\/\/www.sport4club.be\/index.php\/wp-json\/wp\/v2\/product_tag?post=93873"}],"curies":[{"name":"wp","href":"https:\/\/api.w.org\/{rel}","templated":true}]}}