{"id":93871,"date":"2020-01-26T10:59:12","date_gmt":"2020-01-26T09:59:12","guid":{"rendered":"https:\/\/www.sport4club.be\/?post_type=product&#038;p=93871"},"modified":"2021-01-05T16:25:59","modified_gmt":"2021-01-05T15:25:59","slug":"adidas-backpack-multigame-2-0-vintage","status":"publish","type":"product","link":"https:\/\/www.sport4club.be\/index.php\/product\/adidas-backpack-multigame-2-0-vintage\/","title":{"rendered":"Adidas Backpack Multigame 2.0 Black"},"content":{"rendered":"<p>L&#8217;innovant sac \u00e0 dos MULTIGAME 2.0 black s\u2019adresse aux joueurs les plus exigeants. Il est sans conteste l\u2019accessoire id\u00e9al. Il est dot\u00e9 d\u2019un compartiment principal pour vos raquettes et d\u2019un petit compartiment central pour vos effets personnels. Ce mod\u00e8le innovant a \u00e9t\u00e9 fabriqu\u00e9 dans des mat\u00e9riaux l\u00e9gers d&#8217;excellente qualit\u00e9.<\/p>\n<p>FACILIT\u00c9 DE TRANSPORT<br \/>\nPortez-le de plusieurs fa\u00e7ons. Vous pouvez porter ce sac comme un sac \u00e0 dos ou en le tenant par sa poign\u00e9e sup\u00e9rieure.<br \/>\nCAPACIT\u00c9<br \/>\nGrand compartiment central et petit compartiment pour vos effets personnels.<br \/>\nR\u00c9SISTANCE<br \/>\nDes mat\u00e9riaux imperm\u00e9ables, des finitions de qualit\u00e9 et une grande durabilit\u00e9 pour une utilisation habituelle.<\/p>\n<p>DIMENSIONS\u00a0: 40x15x48\u00a0cm<br \/>\nCAPACIT\u00c9\u00a0: 4 raquettes<br \/>\n100\u00a0% POLYESTER<br \/>\nImperm\u00e9able<br \/>\nMat\u00e9riau isolant thermique<br \/>\nCouleur\u00a0: Noir<\/p>\n","protected":false},"excerpt":{"rendered":"<p>L&#8217;innovant sac \u00e0 dos MULTIGAME 2.0 black s\u2019adresse aux joueurs les plus exigeants. Il est sans conteste l\u2019accessoire id\u00e9al. Il est dot\u00e9 d\u2019un compartiment principal pour vos raquettes et d\u2019un petit compartiment central pour vos effets personnels. Ce mod\u00e8le innovant a \u00e9t\u00e9 fabriqu\u00e9 dans des mat\u00e9riaux l\u00e9gers d&#8217;excellente qualit\u00e9. FACILIT\u00c9 DE TRANSPORT Portez-le de plusieurs [&hellip;]<\/p>\n","protected":false},"featured_media":93856,"comment_status":"open","ping_status":"closed","template":"","meta":[],"product_cat":[89],"product_tag":[],"_links":{"self":[{"href":"https:\/\/www.sport4club.be\/index.php\/wp-json\/wp\/v2\/product\/93871"}],"collection":[{"href":"https:\/\/www.sport4club.be\/index.php\/wp-json\/wp\/v2\/product"}],"about":[{"href":"https:\/\/www.sport4club.be\/index.php\/wp-json\/wp\/v2\/types\/product"}],"replies":[{"embeddable":true,"href":"https:\/\/www.sport4club.be\/index.php\/wp-json\/wp\/v2\/comments?post=93871"}],"wp:featuredmedia":[{"embeddable":true,"href":"https:\/\/www.sport4club.be\/index.php\/wp-json\/wp\/v2\/media\/93856"}],"wp:attachment":[{"href":"https:\/\/www.sport4club.be\/index.php\/wp-json\/wp\/v2\/media?parent=93871"}],"wp:term":[{"taxonomy":"product_cat","embeddable":true,"href":"https:\/\/www.sport4club.be\/index.php\/wp-json\/wp\/v2\/product_cat?post=93871"},{"taxonomy":"product_tag","embeddable":true,"href":"https:\/\/www.sport4club.be\/index.php\/wp-json\/wp\/v2\/product_tag?post=93871"}],"curies":[{"name":"wp","href":"https:\/\/api.w.org\/{rel}","templated":true}]}}