{"id":93841,"date":"2020-01-26T10:22:59","date_gmt":"2020-01-26T09:22:59","guid":{"rendered":"https:\/\/www.sport4club.be\/?post_type=product&#038;p=93841"},"modified":"2021-01-05T16:27:30","modified_gmt":"2021-01-05T15:27:30","slug":"adidas-racket-bag-multigame-2-0","status":"publish","type":"product","link":"https:\/\/www.sport4club.be\/index.php\/product\/adidas-racket-bag-multigame-2-0\/","title":{"rendered":"Adidas Racket Bag Multigame 2.0"},"content":{"rendered":"<p>Le nouveau sac MULTIGAME 2.0 satisfera toutes vos attentes. Ce sac poss\u00e8de une poche principale sur le dessus, deux poches sur les c\u00f4t\u00e9s et une poche centrale avec ventilation pour ranger vos chaussures. Gr\u00e2ce \u00e0 la distribution id\u00e9ale des compartiments, \u00e0 ses formes attrayantes et \u00e0 ses finitions de qualit\u00e9, vous aurez toutes vos affaires \u00e0 port\u00e9e de main pour plus de confort.<\/p>\n<p>FACILIT\u00c9 DE TRANSPORT<br \/>\nPortez-le de plusieurs fa\u00e7ons. Vous pouvez porter ce sac comme un sac \u00e0 dos ou en le tenant par ses deux poign\u00e9es sup\u00e9rieures.<br \/>\nCAPACIT\u00c9<br \/>\nGrand compartiment central, un compartiment sur le c\u00f4t\u00e9 id\u00e9al pour ranger la raquette et une poche ventil\u00e9e pour vos chaussures.<br \/>\nR\u00c9SISTANCE<br \/>\nDes mat\u00e9riaux imperm\u00e9ables, des finitions de qualit\u00e9 et une grande durabilit\u00e9 pour une utilisation habituelle.<\/p>\n<p>DIMENSIONS 57x28x36\u00a0cm<br \/>\nCAPACIT\u00c9\u00a0: 10 raquettes<br \/>\n100\u00a0% POLYESTER<br \/>\nImperm\u00e9able<br \/>\nCouleur\u00a0: Rouge \/ Blanc<\/p>\n","protected":false},"excerpt":{"rendered":"<p>Le nouveau sac MULTIGAME 2.0 satisfera toutes vos attentes. Ce sac poss\u00e8de une poche principale sur le dessus, deux poches sur les c\u00f4t\u00e9s et une poche centrale avec ventilation pour ranger vos chaussures. Gr\u00e2ce \u00e0 la distribution id\u00e9ale des compartiments, \u00e0 ses formes attrayantes et \u00e0 ses finitions de qualit\u00e9, vous aurez toutes vos affaires [&hellip;]<\/p>\n","protected":false},"featured_media":93842,"comment_status":"open","ping_status":"closed","template":"","meta":[],"product_cat":[89],"product_tag":[],"_links":{"self":[{"href":"https:\/\/www.sport4club.be\/index.php\/wp-json\/wp\/v2\/product\/93841"}],"collection":[{"href":"https:\/\/www.sport4club.be\/index.php\/wp-json\/wp\/v2\/product"}],"about":[{"href":"https:\/\/www.sport4club.be\/index.php\/wp-json\/wp\/v2\/types\/product"}],"replies":[{"embeddable":true,"href":"https:\/\/www.sport4club.be\/index.php\/wp-json\/wp\/v2\/comments?post=93841"}],"wp:featuredmedia":[{"embeddable":true,"href":"https:\/\/www.sport4club.be\/index.php\/wp-json\/wp\/v2\/media\/93842"}],"wp:attachment":[{"href":"https:\/\/www.sport4club.be\/index.php\/wp-json\/wp\/v2\/media?parent=93841"}],"wp:term":[{"taxonomy":"product_cat","embeddable":true,"href":"https:\/\/www.sport4club.be\/index.php\/wp-json\/wp\/v2\/product_cat?post=93841"},{"taxonomy":"product_tag","embeddable":true,"href":"https:\/\/www.sport4club.be\/index.php\/wp-json\/wp\/v2\/product_tag?post=93841"}],"curies":[{"name":"wp","href":"https:\/\/api.w.org\/{rel}","templated":true}]}}