{"id":93831,"date":"2020-01-26T10:01:35","date_gmt":"2020-01-26T09:01:35","guid":{"rendered":"https:\/\/www.sport4club.be\/?post_type=product&#038;p=93831"},"modified":"2020-11-11T10:59:23","modified_gmt":"2020-11-11T09:59:23","slug":"adidas-racket-bag-tour-2-0","status":"publish","type":"product","link":"https:\/\/www.sport4club.be\/index.php\/product\/adidas-racket-bag-tour-2-0\/","title":{"rendered":"Adidas Racket Bag Tour 2.0"},"content":{"rendered":"<p>Le nouveau sac TOUR 2.0 est l\u2019un des sacs les plus confortables de notre collection. Ce sac est dot\u00e9 d\u2019un grand compartiment central, de deux compartiments sur les c\u00f4t\u00e9s sp\u00e9cifiques pour les raquettes et d\u2019un compartiment sp\u00e9cifique ventil\u00e9 pour vos chaussures. Disponible en 2 versions modernes aux couleurs parfaitement assorties.<\/p>\n<p>FACILIT\u00c9 DE TRANSPORT<br \/>\nPortez-le de plusieurs fa\u00e7ons. Vous pouvez porter ce sac comme un sac \u00e0 dos, crois\u00e9 en bandouli\u00e8re ou en le tenant par sa poign\u00e9e sup\u00e9rieure.<br \/>\nCAPACIT\u00c9<br \/>\nGrand compartiment central, deux compartiments sur les c\u00f4t\u00e9s pour les raquettes et un compartiment sp\u00e9cifique pour les chaussures.<br \/>\nR\u00c9SISTANCE<br \/>\nDes mat\u00e9riaux imperm\u00e9ables, des finitions de qualit\u00e9 et une grande durabilit\u00e9 pour une utilisation habituelle.<\/p>\n<p>DIMENSIONS\u00a0: 55x37x30\u00a0cm<br \/>\nCAPACIT\u00c9\u00a0: 9 raquettes<br \/>\n100\u00a0% POLYESTER<br \/>\nImperm\u00e9able<br \/>\nCouleur\u00a0: Noir et bleu\/jaune &#8211; Noir et rouge\/vert<\/p>\n","protected":false},"excerpt":{"rendered":"<p>Le nouveau sac TOUR 2.0 est l\u2019un des sacs les plus confortables de notre collection. Ce sac est dot\u00e9 d\u2019un grand compartiment central, de deux compartiments sur les c\u00f4t\u00e9s sp\u00e9cifiques pour les raquettes et d\u2019un compartiment sp\u00e9cifique ventil\u00e9 pour vos chaussures. Disponible en 2 versions modernes aux couleurs parfaitement assorties. FACILIT\u00c9 DE TRANSPORT Portez-le de [&hellip;]<\/p>\n","protected":false},"featured_media":93832,"comment_status":"open","ping_status":"closed","template":"","meta":[],"product_cat":[89],"product_tag":[],"_links":{"self":[{"href":"https:\/\/www.sport4club.be\/index.php\/wp-json\/wp\/v2\/product\/93831"}],"collection":[{"href":"https:\/\/www.sport4club.be\/index.php\/wp-json\/wp\/v2\/product"}],"about":[{"href":"https:\/\/www.sport4club.be\/index.php\/wp-json\/wp\/v2\/types\/product"}],"replies":[{"embeddable":true,"href":"https:\/\/www.sport4club.be\/index.php\/wp-json\/wp\/v2\/comments?post=93831"}],"wp:featuredmedia":[{"embeddable":true,"href":"https:\/\/www.sport4club.be\/index.php\/wp-json\/wp\/v2\/media\/93832"}],"wp:attachment":[{"href":"https:\/\/www.sport4club.be\/index.php\/wp-json\/wp\/v2\/media?parent=93831"}],"wp:term":[{"taxonomy":"product_cat","embeddable":true,"href":"https:\/\/www.sport4club.be\/index.php\/wp-json\/wp\/v2\/product_cat?post=93831"},{"taxonomy":"product_tag","embeddable":true,"href":"https:\/\/www.sport4club.be\/index.php\/wp-json\/wp\/v2\/product_tag?post=93831"}],"curies":[{"name":"wp","href":"https:\/\/api.w.org\/{rel}","templated":true}]}}