{"id":93550,"date":"2020-01-23T21:39:34","date_gmt":"2020-01-23T20:39:34","guid":{"rendered":"https:\/\/www.sport4club.be\/?post_type=product&#038;p=93550"},"modified":"2022-08-16T09:20:50","modified_gmt":"2022-08-16T07:20:50","slug":"babolat-syn-gut-force-200m","status":"publish","type":"product","link":"https:\/\/www.sport4club.be\/index.php\/product\/babolat-syn-gut-force-200m\/","title":{"rendered":"Babolat Syn Gut Force 200M"},"content":{"rendered":"<p><em><strong>Structure polyamide double guip\u00e9.<\/strong><\/em><\/p>\n<p><em>\u00c2me solide gain\u00e9e de deux couches de filaments souples, id\u00e9ale pour les d\u00e9butants et les joueurs de tennis loisir \u00e0 la recherche de puissance et de durabilit\u00e9.<\/em><\/p>\n<p><em>Si vous d\u00e9butez le tennis, le cordage de tennis Syn\u00a0Gut\u00a0Force est une bonne option qui allie confort, qualit\u00e9 de jeu, polyvalence et r\u00e9sistance pour vous permettre de d\u00e9couvrir ce sport.<\/em><\/p>\n<p><em>Le cordage est le moteur de votre raquette. En effet, la moiti\u00e9 des performances de votre raquette vient de son cordage. Autrement dit, il faut bien le choisir. Nous avons invent\u00e9 le cordage de tennis en\u00a01875. Depuis lors, nous n\u2019avons pas cess\u00e9 d&#8217;innover pour vous permettre de jouer votre meilleur tennis et de vous amuser toujours plus.<\/em><\/p>\n","protected":false},"excerpt":{"rendered":"<p>Structure polyamide double guip\u00e9. \u00c2me solide gain\u00e9e de deux couches de filaments souples, id\u00e9ale pour les d\u00e9butants et les joueurs de tennis loisir \u00e0 la recherche de puissance et de durabilit\u00e9. Si vous d\u00e9butez le tennis, le cordage de tennis Syn\u00a0Gut\u00a0Force est une bonne option qui allie confort, qualit\u00e9 de jeu, polyvalence et r\u00e9sistance pour [&hellip;]<\/p>\n","protected":false},"featured_media":93551,"comment_status":"open","ping_status":"closed","template":"","meta":[],"product_cat":[108],"product_tag":[],"_links":{"self":[{"href":"https:\/\/www.sport4club.be\/index.php\/wp-json\/wp\/v2\/product\/93550"}],"collection":[{"href":"https:\/\/www.sport4club.be\/index.php\/wp-json\/wp\/v2\/product"}],"about":[{"href":"https:\/\/www.sport4club.be\/index.php\/wp-json\/wp\/v2\/types\/product"}],"replies":[{"embeddable":true,"href":"https:\/\/www.sport4club.be\/index.php\/wp-json\/wp\/v2\/comments?post=93550"}],"wp:featuredmedia":[{"embeddable":true,"href":"https:\/\/www.sport4club.be\/index.php\/wp-json\/wp\/v2\/media\/93551"}],"wp:attachment":[{"href":"https:\/\/www.sport4club.be\/index.php\/wp-json\/wp\/v2\/media?parent=93550"}],"wp:term":[{"taxonomy":"product_cat","embeddable":true,"href":"https:\/\/www.sport4club.be\/index.php\/wp-json\/wp\/v2\/product_cat?post=93550"},{"taxonomy":"product_tag","embeddable":true,"href":"https:\/\/www.sport4club.be\/index.php\/wp-json\/wp\/v2\/product_tag?post=93550"}],"curies":[{"name":"wp","href":"https:\/\/api.w.org\/{rel}","templated":true}]}}