{"id":93541,"date":"2020-01-23T21:08:40","date_gmt":"2020-01-23T20:08:40","guid":{"rendered":"https:\/\/www.sport4club.be\/?post_type=product&#038;p=93541"},"modified":"2024-11-27T08:58:47","modified_gmt":"2024-11-27T07:58:47","slug":"babolat-pro-last-200m","status":"publish","type":"product","link":"https:\/\/www.sport4club.be\/index.php\/product\/babolat-pro-last-200m\/","title":{"rendered":"Babolat Pro Last 200M"},"content":{"rendered":"<p>Le cordage\u00a0<strong>Babolat Pro Last<\/strong>\u00a0est un monofilament co-polyester ultra durable. Il est id\u00e9al pour les gros casseurs cherchant un excellent rapport qualit\u00e9 prix.<\/p>\n<p>Orient\u00e9 sur le contr\u00f4le, il vous permettra de\u00a0<strong>frapper \u00e0 pleine puissance<\/strong>\u00a0en procurant un maximum de sensation \u00e0 la frappe.<\/p>\n<p>Son point faible r\u00e9side dans une tenue de tension qui se perd rapidement au fil des heures de jeu.<\/p>\n<p>Le cordage Babolat Pro Last est donc conseill\u00e9 aux\u00a0<strong>casseurs<\/strong>\u00a0\u00e0 la recherche d&#8217;un cordage\u00a0<strong>r\u00e9sistant<\/strong>\u00a0procurant du contr\u00f4le de balle<\/p>\n","protected":false},"excerpt":{"rendered":"<p>Le cordage\u00a0Babolat Pro Last\u00a0est un monofilament co-polyester ultra durable. Il est id\u00e9al pour les gros casseurs cherchant un excellent rapport qualit\u00e9 prix. Orient\u00e9 sur le contr\u00f4le, il vous permettra de\u00a0frapper \u00e0 pleine puissance\u00a0en procurant un maximum de sensation \u00e0 la frappe. Son point faible r\u00e9side dans une tenue de tension qui se perd rapidement au [&hellip;]<\/p>\n","protected":false},"featured_media":93542,"comment_status":"open","ping_status":"closed","template":"","meta":[],"product_cat":[108],"product_tag":[],"_links":{"self":[{"href":"https:\/\/www.sport4club.be\/index.php\/wp-json\/wp\/v2\/product\/93541"}],"collection":[{"href":"https:\/\/www.sport4club.be\/index.php\/wp-json\/wp\/v2\/product"}],"about":[{"href":"https:\/\/www.sport4club.be\/index.php\/wp-json\/wp\/v2\/types\/product"}],"replies":[{"embeddable":true,"href":"https:\/\/www.sport4club.be\/index.php\/wp-json\/wp\/v2\/comments?post=93541"}],"wp:featuredmedia":[{"embeddable":true,"href":"https:\/\/www.sport4club.be\/index.php\/wp-json\/wp\/v2\/media\/93542"}],"wp:attachment":[{"href":"https:\/\/www.sport4club.be\/index.php\/wp-json\/wp\/v2\/media?parent=93541"}],"wp:term":[{"taxonomy":"product_cat","embeddable":true,"href":"https:\/\/www.sport4club.be\/index.php\/wp-json\/wp\/v2\/product_cat?post=93541"},{"taxonomy":"product_tag","embeddable":true,"href":"https:\/\/www.sport4club.be\/index.php\/wp-json\/wp\/v2\/product_tag?post=93541"}],"curies":[{"name":"wp","href":"https:\/\/api.w.org\/{rel}","templated":true}]}}