{"id":93535,"date":"2020-01-23T20:59:57","date_gmt":"2020-01-23T19:59:57","guid":{"rendered":"https:\/\/www.sport4club.be\/?post_type=product&#038;p=93535"},"modified":"2024-11-27T08:36:11","modified_gmt":"2024-11-27T07:36:11","slug":"babolat-syn-gut-200m-3","status":"publish","type":"product","link":"https:\/\/www.sport4club.be\/index.php\/product\/babolat-syn-gut-200m-3\/","title":{"rendered":"Babolat Syn Gut White 200M"},"content":{"rendered":"<p>Sa structure en polyamide \u00e0 simple guipage offre plus de confort et de tenue de tension. Id\u00e9al pour les joueurs d\u00e9butants et interm\u00e9diaires.<\/p>\n<p>Souvent appel\u00e9 \u00ab\u00a0le moteur de la raquette\u00a0\u00bb, le cordage contribue pour 50\u00a0% aux performances de la raquette et est essentiel pour des frappes de balle parfaites. En tant qu\u2019inventeur et premier fabricant de cordages de tennis il y a plus de 144\u00a0ans, Babolat n\u2019a pas cess\u00e9 d\u2019innover pour offrir aux joueurs les cordages les mieux adapt\u00e9s \u00e0 leur jeu.<\/p>\n","protected":false},"excerpt":{"rendered":"<p>Sa structure en polyamide \u00e0 simple guipage offre plus de confort et de tenue de tension. Id\u00e9al pour les joueurs d\u00e9butants et interm\u00e9diaires. Souvent appel\u00e9 \u00ab\u00a0le moteur de la raquette\u00a0\u00bb, le cordage contribue pour 50\u00a0% aux performances de la raquette et est essentiel pour des frappes de balle parfaites. En tant qu\u2019inventeur et premier fabricant [&hellip;]<\/p>\n","protected":false},"featured_media":93532,"comment_status":"open","ping_status":"closed","template":"","meta":[],"product_cat":[108],"product_tag":[],"_links":{"self":[{"href":"https:\/\/www.sport4club.be\/index.php\/wp-json\/wp\/v2\/product\/93535"}],"collection":[{"href":"https:\/\/www.sport4club.be\/index.php\/wp-json\/wp\/v2\/product"}],"about":[{"href":"https:\/\/www.sport4club.be\/index.php\/wp-json\/wp\/v2\/types\/product"}],"replies":[{"embeddable":true,"href":"https:\/\/www.sport4club.be\/index.php\/wp-json\/wp\/v2\/comments?post=93535"}],"wp:featuredmedia":[{"embeddable":true,"href":"https:\/\/www.sport4club.be\/index.php\/wp-json\/wp\/v2\/media\/93532"}],"wp:attachment":[{"href":"https:\/\/www.sport4club.be\/index.php\/wp-json\/wp\/v2\/media?parent=93535"}],"wp:term":[{"taxonomy":"product_cat","embeddable":true,"href":"https:\/\/www.sport4club.be\/index.php\/wp-json\/wp\/v2\/product_cat?post=93535"},{"taxonomy":"product_tag","embeddable":true,"href":"https:\/\/www.sport4club.be\/index.php\/wp-json\/wp\/v2\/product_tag?post=93535"}],"curies":[{"name":"wp","href":"https:\/\/api.w.org\/{rel}","templated":true}]}}