{"id":93526,"date":"2020-01-23T20:49:44","date_gmt":"2020-01-23T19:49:44","guid":{"rendered":"https:\/\/www.sport4club.be\/?post_type=product&#038;p=93526"},"modified":"2024-11-27T08:34:11","modified_gmt":"2024-11-27T07:34:11","slug":"babolat-syn-gut-200m-2","status":"publish","type":"product","link":"https:\/\/www.sport4club.be\/index.php\/product\/babolat-syn-gut-200m-2\/","title":{"rendered":"Babolat Syn Gut Black 200M"},"content":{"rendered":"<p><em><strong>Structure polyamide simple guip\u00e9<\/strong><\/em><\/p>\n<p><em>\u00c2me solide gain\u00e9e de filaments souples, id\u00e9ale pour les d\u00e9butants et le joueurs de tennis \u00e0 la recherche de confort.<\/em><\/p>\n","protected":false},"excerpt":{"rendered":"<p>Structure polyamide simple guip\u00e9 \u00c2me solide gain\u00e9e de filaments souples, id\u00e9ale pour les d\u00e9butants et le joueurs de tennis \u00e0 la recherche de confort.<\/p>\n","protected":false},"featured_media":93527,"comment_status":"open","ping_status":"closed","template":"","meta":[],"product_cat":[108],"product_tag":[],"_links":{"self":[{"href":"https:\/\/www.sport4club.be\/index.php\/wp-json\/wp\/v2\/product\/93526"}],"collection":[{"href":"https:\/\/www.sport4club.be\/index.php\/wp-json\/wp\/v2\/product"}],"about":[{"href":"https:\/\/www.sport4club.be\/index.php\/wp-json\/wp\/v2\/types\/product"}],"replies":[{"embeddable":true,"href":"https:\/\/www.sport4club.be\/index.php\/wp-json\/wp\/v2\/comments?post=93526"}],"wp:featuredmedia":[{"embeddable":true,"href":"https:\/\/www.sport4club.be\/index.php\/wp-json\/wp\/v2\/media\/93527"}],"wp:attachment":[{"href":"https:\/\/www.sport4club.be\/index.php\/wp-json\/wp\/v2\/media?parent=93526"}],"wp:term":[{"taxonomy":"product_cat","embeddable":true,"href":"https:\/\/www.sport4club.be\/index.php\/wp-json\/wp\/v2\/product_cat?post=93526"},{"taxonomy":"product_tag","embeddable":true,"href":"https:\/\/www.sport4club.be\/index.php\/wp-json\/wp\/v2\/product_tag?post=93526"}],"curies":[{"name":"wp","href":"https:\/\/api.w.org\/{rel}","templated":true}]}}