{"id":93518,"date":"2020-01-23T20:37:26","date_gmt":"2020-01-23T19:37:26","guid":{"rendered":"https:\/\/www.sport4club.be\/?post_type=product&#038;p=93518"},"modified":"2024-11-27T10:58:38","modified_gmt":"2024-11-27T09:58:38","slug":"babolat-syn-gut-200m","status":"publish","type":"product","link":"https:\/\/www.sport4club.be\/index.php\/product\/babolat-syn-gut-200m\/","title":{"rendered":"Babolat Syn Gut 200M"},"content":{"rendered":"<p><em><strong>Structure Polyamide simple guip\u00e9<\/strong><\/em><\/p>\n<p><em>\u00c2me solide gain\u00e9e de filaments souples, id\u00e9ale pour les d\u00e9butants et les joueurs de tennis moisir \u00e0 la recherche de confort.<\/em><\/p>\n","protected":false},"excerpt":{"rendered":"<p>Structure Polyamide simple guip\u00e9 \u00c2me solide gain\u00e9e de filaments souples, id\u00e9ale pour les d\u00e9butants et les joueurs de tennis moisir \u00e0 la recherche de confort.<\/p>\n","protected":false},"featured_media":93523,"comment_status":"open","ping_status":"closed","template":"","meta":[],"product_cat":[108],"product_tag":[],"_links":{"self":[{"href":"https:\/\/www.sport4club.be\/index.php\/wp-json\/wp\/v2\/product\/93518"}],"collection":[{"href":"https:\/\/www.sport4club.be\/index.php\/wp-json\/wp\/v2\/product"}],"about":[{"href":"https:\/\/www.sport4club.be\/index.php\/wp-json\/wp\/v2\/types\/product"}],"replies":[{"embeddable":true,"href":"https:\/\/www.sport4club.be\/index.php\/wp-json\/wp\/v2\/comments?post=93518"}],"wp:featuredmedia":[{"embeddable":true,"href":"https:\/\/www.sport4club.be\/index.php\/wp-json\/wp\/v2\/media\/93523"}],"wp:attachment":[{"href":"https:\/\/www.sport4club.be\/index.php\/wp-json\/wp\/v2\/media?parent=93518"}],"wp:term":[{"taxonomy":"product_cat","embeddable":true,"href":"https:\/\/www.sport4club.be\/index.php\/wp-json\/wp\/v2\/product_cat?post=93518"},{"taxonomy":"product_tag","embeddable":true,"href":"https:\/\/www.sport4club.be\/index.php\/wp-json\/wp\/v2\/product_tag?post=93518"}],"curies":[{"name":"wp","href":"https:\/\/api.w.org\/{rel}","templated":true}]}}