{"id":93514,"date":"2020-01-23T20:17:22","date_gmt":"2020-01-23T19:17:22","guid":{"rendered":"https:\/\/www.sport4club.be\/?post_type=product&#038;p=93514"},"modified":"2022-08-16T08:52:07","modified_gmt":"2022-08-16T06:52:07","slug":"babolat-rpm-power-200m","status":"publish","type":"product","link":"https:\/\/www.sport4club.be\/index.php\/product\/babolat-rpm-power-200m\/","title":{"rendered":"Babolat RPM Power 200M"},"content":{"rendered":"<p><em><strong>La derni\u00e8re g\u00e9n\u00e9ration de la famille RPM embl\u00e9matique avec une nouvelle construction en CO-PET-C.<\/strong><\/em><\/p>\n<p><em>Le syst\u00e8me d&#8217;extrusion unique conf\u00e8re une puissance in\u00e9gal\u00e9e pour un monofilament tout en conservant un excellent spin. Un rev\u00eatement suppl\u00e9mentaire sp\u00e9cial offre une sensation de rigidit\u00e9 exceptionnelle. Un incontournable pour les joueurs de haut niveau.<\/em><\/p>\n<p><em>Le cordage de tennis RPM\u00a0Power est parfait si vous aimez la prise d\u2019effet et le contr\u00f4le des cordages en polyester, mais cherchez \u00e0 donner un peu plus de mordant \u00e0 vos frappes. Associez le cordage RPM\u00a0Power \u00e0 des frappes longues et rapides, et vous guiderez la balle \u00e0 travers le court comme Dominic\u00a0Thiem. Ou presque\u00a0! Fabriqu\u00e9 en France.<\/em><\/p>\n<p><em>Le cordage est le moteur de votre raquette. En effet, la moiti\u00e9 des performances de votre raquette vient de son cordage. Autrement dit, il faut bien le choisir. Nous avons invent\u00e9 le cordage de tennis en\u00a01875. Depuis lors, nous n\u2019avons pas cess\u00e9 d&#8217;innover pour vous permettre de jouer votre meilleur tennis et de vous amuser toujours plus.<\/em><\/p>\n","protected":false},"excerpt":{"rendered":"<p>La derni\u00e8re g\u00e9n\u00e9ration de la famille RPM embl\u00e9matique avec une nouvelle construction en CO-PET-C. Le syst\u00e8me d&#8217;extrusion unique conf\u00e8re une puissance in\u00e9gal\u00e9e pour un monofilament tout en conservant un excellent spin. Un rev\u00eatement suppl\u00e9mentaire sp\u00e9cial offre une sensation de rigidit\u00e9 exceptionnelle. Un incontournable pour les joueurs de haut niveau. Le cordage de tennis RPM\u00a0Power est [&hellip;]<\/p>\n","protected":false},"featured_media":93515,"comment_status":"open","ping_status":"closed","template":"","meta":[],"product_cat":[108],"product_tag":[],"_links":{"self":[{"href":"https:\/\/www.sport4club.be\/index.php\/wp-json\/wp\/v2\/product\/93514"}],"collection":[{"href":"https:\/\/www.sport4club.be\/index.php\/wp-json\/wp\/v2\/product"}],"about":[{"href":"https:\/\/www.sport4club.be\/index.php\/wp-json\/wp\/v2\/types\/product"}],"replies":[{"embeddable":true,"href":"https:\/\/www.sport4club.be\/index.php\/wp-json\/wp\/v2\/comments?post=93514"}],"wp:featuredmedia":[{"embeddable":true,"href":"https:\/\/www.sport4club.be\/index.php\/wp-json\/wp\/v2\/media\/93515"}],"wp:attachment":[{"href":"https:\/\/www.sport4club.be\/index.php\/wp-json\/wp\/v2\/media?parent=93514"}],"wp:term":[{"taxonomy":"product_cat","embeddable":true,"href":"https:\/\/www.sport4club.be\/index.php\/wp-json\/wp\/v2\/product_cat?post=93514"},{"taxonomy":"product_tag","embeddable":true,"href":"https:\/\/www.sport4club.be\/index.php\/wp-json\/wp\/v2\/product_tag?post=93514"}],"curies":[{"name":"wp","href":"https:\/\/api.w.org\/{rel}","templated":true}]}}