{"id":93505,"date":"2020-01-23T19:20:08","date_gmt":"2020-01-23T18:20:08","guid":{"rendered":"https:\/\/www.sport4club.be\/?post_type=product&#038;p=93505"},"modified":"2024-11-27T08:48:31","modified_gmt":"2024-11-27T07:48:31","slug":"babolat-addixion-200m","status":"publish","type":"product","link":"https:\/\/www.sport4club.be\/index.php\/product\/babolat-addixion-200m\/","title":{"rendered":"Babolat Addixion + 200M"},"content":{"rendered":"<p><em><strong>Composition Multifilament et Structure Polyamide Ultra-Souple<\/strong><\/em><\/p>\n<p><em>Parfait \u00e9quilibre entre puissance et confort. La densit\u00e9 multifilament suppl\u00e9mentaire le rend extr\u00eamement r\u00e9sistant pour sa cat\u00e9gorie.<\/em><\/p>\n<p><em>\u00c0 la recherche d&#8217;un cordage de tennis abordable offrant confort et puissance\u00a0? Le cordage Addixion apporte de la performance \u00e0 votre jeu pour un prix que vous allez appr\u00e9cier.<\/em><\/p>\n<p><em>Le cordage est le moteur de votre raquette. En effet, la moiti\u00e9 des performances de votre raquette vient de son cordage. Autrement dit, il faut bien le choisir. Nous avons invent\u00e9 le cordage de tennis en\u00a01875. Depuis lors, nous n\u2019avons pas cess\u00e9 d&#8217;innover pour vous permettre de jouer votre meilleur tennis et de vous amuser toujours plus.<\/em><\/p>\n","protected":false},"excerpt":{"rendered":"<p>Composition Multifilament et Structure Polyamide Ultra-Souple Parfait \u00e9quilibre entre puissance et confort. La densit\u00e9 multifilament suppl\u00e9mentaire le rend extr\u00eamement r\u00e9sistant pour sa cat\u00e9gorie. \u00c0 la recherche d&#8217;un cordage de tennis abordable offrant confort et puissance\u00a0? Le cordage Addixion apporte de la performance \u00e0 votre jeu pour un prix que vous allez appr\u00e9cier. Le cordage est [&hellip;]<\/p>\n","protected":false},"featured_media":93506,"comment_status":"open","ping_status":"closed","template":"","meta":[],"product_cat":[108],"product_tag":[],"_links":{"self":[{"href":"https:\/\/www.sport4club.be\/index.php\/wp-json\/wp\/v2\/product\/93505"}],"collection":[{"href":"https:\/\/www.sport4club.be\/index.php\/wp-json\/wp\/v2\/product"}],"about":[{"href":"https:\/\/www.sport4club.be\/index.php\/wp-json\/wp\/v2\/types\/product"}],"replies":[{"embeddable":true,"href":"https:\/\/www.sport4club.be\/index.php\/wp-json\/wp\/v2\/comments?post=93505"}],"wp:featuredmedia":[{"embeddable":true,"href":"https:\/\/www.sport4club.be\/index.php\/wp-json\/wp\/v2\/media\/93506"}],"wp:attachment":[{"href":"https:\/\/www.sport4club.be\/index.php\/wp-json\/wp\/v2\/media?parent=93505"}],"wp:term":[{"taxonomy":"product_cat","embeddable":true,"href":"https:\/\/www.sport4club.be\/index.php\/wp-json\/wp\/v2\/product_cat?post=93505"},{"taxonomy":"product_tag","embeddable":true,"href":"https:\/\/www.sport4club.be\/index.php\/wp-json\/wp\/v2\/product_tag?post=93505"}],"curies":[{"name":"wp","href":"https:\/\/api.w.org\/{rel}","templated":true}]}}