{"id":93501,"date":"2020-01-23T18:55:27","date_gmt":"2020-01-23T17:55:27","guid":{"rendered":"https:\/\/www.sport4club.be\/?post_type=product&#038;p=93501"},"modified":"2022-08-16T09:28:53","modified_gmt":"2022-08-16T07:28:53","slug":"babolat-touch-vs-12m","status":"publish","type":"product","link":"https:\/\/www.sport4club.be\/index.php\/product\/babolat-touch-vs-12m\/","title":{"rendered":"Babolat Touch VS 12M"},"content":{"rendered":"<p><em><strong>100% Boyau Naturel de Qualit\u00e9 sup\u00e9rieure.<\/strong><\/em><\/p>\n<p><em>Le cordage embl\u00e9matique de Babolat. Il offre une combinaison in\u00e9gal\u00e9e de sensations dynamiques et de puissance incroyable avec une tenue de tension parfaite. Largement utilis\u00e9 en tournoi, pour une bonne raison.<\/em><\/p>\n<p>Vous voulez ce qu&#8217;il y a de meilleur\u00a0? Le cordage de tennis en boyau naturel Babolat\u00a0Touch\u00a0VS offre le meilleur du confort, de la puissance et des sensations, tout en retenant la tension et en restant l\u00e9ger sur le bras. Vous allez adorer la qualit\u00e9 de jeu du Touch\u00a0VS, qui a \u00e0 son actif plus de 100\u00a0victoires en Grand Chelem, en d\u00e9couvrant ce qui fait de ce cordage en boyau naturel la r\u00e9f\u00e9rence des cordages de tennis. Fabriqu\u00e9 en France.<\/p>\n<p>Le cordage est le moteur de votre raquette de tennis. En effet, la moiti\u00e9 des performances de votre raquette vient de son cordage. Autrement dit, il faut bien le choisir. Nous avons invent\u00e9 le cordage de tennis en\u00a01875. Depuis lors, nous n\u2019avons pas cess\u00e9 d&#8217;innover pour vous permettre de jouer votre meilleur tennis et de vous amuser toujours plus.<\/p>\n","protected":false},"excerpt":{"rendered":"<p>100% Boyau Naturel de Qualit\u00e9 sup\u00e9rieure. Le cordage embl\u00e9matique de Babolat. Il offre une combinaison in\u00e9gal\u00e9e de sensations dynamiques et de puissance incroyable avec une tenue de tension parfaite. Largement utilis\u00e9 en tournoi, pour une bonne raison. Vous voulez ce qu&#8217;il y a de meilleur\u00a0? Le cordage de tennis en boyau naturel Babolat\u00a0Touch\u00a0VS offre le [&hellip;]<\/p>\n","protected":false},"featured_media":93502,"comment_status":"open","ping_status":"closed","template":"","meta":[],"product_cat":[108],"product_tag":[],"_links":{"self":[{"href":"https:\/\/www.sport4club.be\/index.php\/wp-json\/wp\/v2\/product\/93501"}],"collection":[{"href":"https:\/\/www.sport4club.be\/index.php\/wp-json\/wp\/v2\/product"}],"about":[{"href":"https:\/\/www.sport4club.be\/index.php\/wp-json\/wp\/v2\/types\/product"}],"replies":[{"embeddable":true,"href":"https:\/\/www.sport4club.be\/index.php\/wp-json\/wp\/v2\/comments?post=93501"}],"wp:featuredmedia":[{"embeddable":true,"href":"https:\/\/www.sport4club.be\/index.php\/wp-json\/wp\/v2\/media\/93502"}],"wp:attachment":[{"href":"https:\/\/www.sport4club.be\/index.php\/wp-json\/wp\/v2\/media?parent=93501"}],"wp:term":[{"taxonomy":"product_cat","embeddable":true,"href":"https:\/\/www.sport4club.be\/index.php\/wp-json\/wp\/v2\/product_cat?post=93501"},{"taxonomy":"product_tag","embeddable":true,"href":"https:\/\/www.sport4club.be\/index.php\/wp-json\/wp\/v2\/product_tag?post=93501"}],"curies":[{"name":"wp","href":"https:\/\/api.w.org\/{rel}","templated":true}]}}