{"id":93134,"date":"2020-01-16T14:37:50","date_gmt":"2020-01-16T13:37:50","guid":{"rendered":"https:\/\/www.sport4club.be\/?post_type=product&#038;p=93134"},"modified":"2022-03-28T10:14:26","modified_gmt":"2022-03-28T08:14:26","slug":"tecnifibre-x-one-carton-36-x-4-balles","status":"publish","type":"product","link":"https:\/\/www.sport4club.be\/index.php\/product\/tecnifibre-x-one-carton-36-x-4-balles\/","title":{"rendered":"Tecnifibre X One (Carton 36 x 4 Balles)"},"content":{"rendered":"<p>La balle Tecnifibre X-One est vive et r\u00e9sistante. Il s&#8217;agit du haut de gamme en balle Tecnifibre.<\/p>\n<p>Feutres : 72% mati\u00e8re naturelle (laine et coton)<\/p>\n<p>Homologu\u00e9e par ITF,FIT<\/p>\n","protected":false},"excerpt":{"rendered":"<p>La balle Tecnifibre X-One est vive et r\u00e9sistante. Il s&#8217;agit du haut de gamme en balle Tecnifibre. Feutres : 72% mati\u00e8re naturelle (laine et coton) Homologu\u00e9e par ITF,FIT<\/p>\n","protected":false},"featured_media":93135,"comment_status":"open","ping_status":"closed","template":"","meta":[],"product_cat":[106],"product_tag":[],"_links":{"self":[{"href":"https:\/\/www.sport4club.be\/index.php\/wp-json\/wp\/v2\/product\/93134"}],"collection":[{"href":"https:\/\/www.sport4club.be\/index.php\/wp-json\/wp\/v2\/product"}],"about":[{"href":"https:\/\/www.sport4club.be\/index.php\/wp-json\/wp\/v2\/types\/product"}],"replies":[{"embeddable":true,"href":"https:\/\/www.sport4club.be\/index.php\/wp-json\/wp\/v2\/comments?post=93134"}],"wp:featuredmedia":[{"embeddable":true,"href":"https:\/\/www.sport4club.be\/index.php\/wp-json\/wp\/v2\/media\/93135"}],"wp:attachment":[{"href":"https:\/\/www.sport4club.be\/index.php\/wp-json\/wp\/v2\/media?parent=93134"}],"wp:term":[{"taxonomy":"product_cat","embeddable":true,"href":"https:\/\/www.sport4club.be\/index.php\/wp-json\/wp\/v2\/product_cat?post=93134"},{"taxonomy":"product_tag","embeddable":true,"href":"https:\/\/www.sport4club.be\/index.php\/wp-json\/wp\/v2\/product_tag?post=93134"}],"curies":[{"name":"wp","href":"https:\/\/api.w.org\/{rel}","templated":true}]}}