{"id":93128,"date":"2020-01-16T14:23:45","date_gmt":"2020-01-16T13:23:45","guid":{"rendered":"https:\/\/www.sport4club.be\/?post_type=product&#038;p=93128"},"modified":"2022-04-25T09:12:52","modified_gmt":"2022-04-25T07:12:52","slug":"tecnifibre-club-tube-4-balles","status":"publish","type":"product","link":"https:\/\/www.sport4club.be\/index.php\/product\/tecnifibre-club-tube-4-balles\/","title":{"rendered":"Tecnifibre Club (Tube 4 balles)"},"content":{"rendered":"<p>Cette balle de tennis est vive, confortable et tr\u00e8s r\u00e9sistante.<\/p>\n<p>Feutres : 55% mati\u00e8re naturelle (laine et coton)<\/p>\n<p>Homologu\u00e9e ITF, FIT<\/p>\n","protected":false},"excerpt":{"rendered":"<p>Cette balle de tennis est vive, confortable et tr\u00e8s r\u00e9sistante. Feutres : 55% mati\u00e8re naturelle (laine et coton) Homologu\u00e9e ITF, FIT<\/p>\n","protected":false},"featured_media":93129,"comment_status":"open","ping_status":"closed","template":"","meta":[],"product_cat":[106],"product_tag":[],"_links":{"self":[{"href":"https:\/\/www.sport4club.be\/index.php\/wp-json\/wp\/v2\/product\/93128"}],"collection":[{"href":"https:\/\/www.sport4club.be\/index.php\/wp-json\/wp\/v2\/product"}],"about":[{"href":"https:\/\/www.sport4club.be\/index.php\/wp-json\/wp\/v2\/types\/product"}],"replies":[{"embeddable":true,"href":"https:\/\/www.sport4club.be\/index.php\/wp-json\/wp\/v2\/comments?post=93128"}],"wp:featuredmedia":[{"embeddable":true,"href":"https:\/\/www.sport4club.be\/index.php\/wp-json\/wp\/v2\/media\/93129"}],"wp:attachment":[{"href":"https:\/\/www.sport4club.be\/index.php\/wp-json\/wp\/v2\/media?parent=93128"}],"wp:term":[{"taxonomy":"product_cat","embeddable":true,"href":"https:\/\/www.sport4club.be\/index.php\/wp-json\/wp\/v2\/product_cat?post=93128"},{"taxonomy":"product_tag","embeddable":true,"href":"https:\/\/www.sport4club.be\/index.php\/wp-json\/wp\/v2\/product_tag?post=93128"}],"curies":[{"name":"wp","href":"https:\/\/api.w.org\/{rel}","templated":true}]}}